{"id":18,"date":"2021-01-04T08:57:14","date_gmt":"2021-01-04T08:57:14","guid":{"rendered":"http:\/\/erdbeerbeet.com\/?page_id=18"},"modified":"2024-06-11T19:24:38","modified_gmt":"2024-06-11T19:24:38","slug":"writing","status":"publish","type":"page","link":"https:\/\/erdbeerbeet.com\/de\/writing","title":{"rendered":"Schreiben"},"content":{"rendered":"\n<p>Als Schriftsteller lese ich selbst unglaublich gerne Artikel \u00fcbers Schreiben. Entweder um etwas Neues zu lernen oder um mich zum Weiterschreiben zu motivieren. Auf die gleiche Art und Weise m\u00f6chte ich gerne etwas zur\u00fcck geben.<br>Anfang 2020 habe ich mit einer Freundin ein w\u00f6chentliches Telefonat ins Leben gerufen, das wir haupts\u00e4chlich nutzen, um \u00fcbers Schreiben zu reden. Unsere aktuellen Projekte, NaNoWriMo und kleine Herausforderungen in der Schreibwelt, der wir uns stellen wollen. Und da ich es liebe, meine Erkenntnisse strukturiert aufzuschreiben, dienen diese als ausgezeichnete Grundlage f\u00fcr lehrreiche, informative Artikel \u00fcber das Handwerk (hoffe ich zumindest).<\/p>\n\n\n\n<p>Meine ersten Beitr\u00e4ge dieser Art sollen sich um verschiedene Literaturformen drehen. Kurzgeschichten, ganz kurze Geschichten, bestimmte Genres&#8230; was auch immer mir in den Kram passt.<br>Ich versuche jedes Thema so zu strukturieren, dass es wie eine Schritt f\u00fcr Schritt Anleitung genutzt werden kann f\u00fcr alle, die sich selbst an etwas Neuem versuchen wollen.<\/p>\n\n\n\n<ul class=\"wp-block-list\">\n<li>Planung (Definition, Recherche und wie haben das andere gemacht?)<\/li>\n\n\n\n<li>Plotten (vor dem ersten Wort wird ein Schreibplan aufgestellt, unter Zuhilfenahme von Strukturen und lustigen Diagrammen)<\/li>\n\n\n\n<li>Entwurf (das tats\u00e4chliche Schreiben, nebst Problemen und spontanen Plan\u00e4nderungen)<\/li>\n\n\n\n<li>\u00dcberarbeitung (der Entwurf muss repariert und poliert werden, hierin steckt meist die eigentliche Arbeit)<\/li>\n\n\n\n<li>Ver\u00f6ffentlichen (was macht man nun mit dem fertigen Meisterwerk?)<\/li>\n<\/ul>\n\n\n\n<p>Ich behalte mir vor, diesen Bereich des Blogs noch um Literaturempfehlungen, NaNoWriMo, oder sonstige Themen aus den Kommentaren zu erweitern.<br>Der geneigte Leser m\u00f6ge Spa\u00df an der Lekt\u00fcre haben, vielleicht etwas dazu lernen und sich ermutigt f\u00fchlen, Neues auszuprobieren.<\/p>\n\n\n<ul class=\"wp-block-latest-posts__list is-grid columns-3 has-dates wp-block-latest-posts\"><li><div class=\"wp-block-latest-posts__featured-image\"><img loading=\"lazy\" decoding=\"async\" width=\"150\" height=\"150\" src=\"https:\/\/erdbeerbeet.com\/wp-content\/uploads\/2021\/08\/img_writing-e1630005579530-150x150.png\" class=\"attachment-thumbnail size-thumbnail wp-post-image\" alt=\"\" style=\"\" \/><\/div><a class=\"wp-block-latest-posts__post-title\" href=\"https:\/\/erdbeerbeet.com\/de\/plan-a-flash-fiction-story\">Planen einer Flash Fiction Geschichte<\/a><time datetime=\"2021-01-10T11:00:00+00:00\" class=\"wp-block-latest-posts__post-date\">January 10, 2021<\/time><div class=\"wp-block-latest-posts__post-excerpt\">Flash Fiction ist eine Art von Kurzgeschichte mit einem Limit von maximal 1000 W\u00f6rtern. Es lohnt sich f\u00fcr jeden Schreiberling, sich an diesem Format zu versuchen.<\/div><\/li>\n<li><div class=\"wp-block-latest-posts__featured-image\"><img loading=\"lazy\" decoding=\"async\" width=\"150\" height=\"150\" src=\"https:\/\/erdbeerbeet.com\/wp-content\/uploads\/2021\/08\/img_writing-e1630005579530-150x150.png\" class=\"attachment-thumbnail size-thumbnail wp-post-image\" alt=\"\" style=\"\" \/><\/div><a class=\"wp-block-latest-posts__post-title\" href=\"https:\/\/erdbeerbeet.com\/de\/plotten-einer-flash-fiction-geschichte\">Plotten einer Flash Fiction Geschichte<\/a><time datetime=\"2021-01-20T11:00:00+00:00\" class=\"wp-block-latest-posts__post-date\">January 20, 2021<\/time><div class=\"wp-block-latest-posts__post-excerpt\">Um eine Flash Fiction zu plotten braucht es kaum mehr, als eine spannende Ausgangssituation.<\/div><\/li>\n<li><div class=\"wp-block-latest-posts__featured-image\"><img loading=\"lazy\" decoding=\"async\" width=\"150\" height=\"150\" src=\"https:\/\/erdbeerbeet.com\/wp-content\/uploads\/2021\/08\/img_writing-e1630005579530-150x150.png\" class=\"attachment-thumbnail size-thumbnail wp-post-image\" alt=\"\" style=\"\" \/><\/div><a class=\"wp-block-latest-posts__post-title\" href=\"https:\/\/erdbeerbeet.com\/de\/draft-a-flash-fiction-story\">Erster Entwurf einer Flash Fiction Geschichte<\/a><time datetime=\"2021-01-30T11:00:00+00:00\" class=\"wp-block-latest-posts__post-date\">January 30, 2021<\/time><div class=\"wp-block-latest-posts__post-excerpt\">Beim Schreiben einer Flash Fiction ist es besonders wichtig, die Wortzahl im Auge zu behalten.<\/div><\/li>\n<li><div class=\"wp-block-latest-posts__featured-image\"><img loading=\"lazy\" decoding=\"async\" width=\"150\" height=\"150\" src=\"https:\/\/erdbeerbeet.com\/wp-content\/uploads\/2021\/08\/img_writing-e1630005579530-150x150.png\" class=\"attachment-thumbnail size-thumbnail wp-post-image\" alt=\"\" style=\"\" \/><\/div><a class=\"wp-block-latest-posts__post-title\" href=\"https:\/\/erdbeerbeet.com\/de\/uberarbeiten-einer-flash-fiction-geschichte\">\u00dcberarbeiten einer Flash Fiction Geschichte<\/a><time datetime=\"2021-02-10T11:00:00+00:00\" class=\"wp-block-latest-posts__post-date\">February 10, 2021<\/time><div class=\"wp-block-latest-posts__post-excerpt\">Bei der \u00dcberarbeitung einer Flash Fiction Geschichte kann und muss man wirklich lernen, sich auf das Wesentliche zu konzentrieren.<\/div><\/li>\n<li><div class=\"wp-block-latest-posts__featured-image\"><img loading=\"lazy\" decoding=\"async\" width=\"150\" height=\"150\" src=\"https:\/\/erdbeerbeet.com\/wp-content\/uploads\/2021\/08\/img_writing-e1630005579530-150x150.png\" class=\"attachment-thumbnail size-thumbnail wp-post-image\" alt=\"\" style=\"\" \/><\/div><a class=\"wp-block-latest-posts__post-title\" href=\"https:\/\/erdbeerbeet.com\/de\/veroffentlichen-einer-flash-fiction-geschichte\">Ver\u00f6ffentlichen einer Flash Fiction Geschichte<\/a><time datetime=\"2021-02-20T11:00:00+00:00\" class=\"wp-block-latest-posts__post-date\">February 20, 2021<\/time><div class=\"wp-block-latest-posts__post-excerpt\">Flash Fiction Geschichten passen in die Ausschreibungen vieler Verlage oder lassen sich als Sammelband heraus bringen.<\/div><\/li>\n<li><div class=\"wp-block-latest-posts__featured-image\"><img loading=\"lazy\" decoding=\"async\" width=\"150\" height=\"150\" src=\"https:\/\/erdbeerbeet.com\/wp-content\/uploads\/2021\/08\/img_writing-e1630005579530-150x150.png\" class=\"attachment-thumbnail size-thumbnail wp-post-image\" alt=\"\" style=\"\" \/><\/div><a class=\"wp-block-latest-posts__post-title\" href=\"https:\/\/erdbeerbeet.com\/de\/writing-speed\">Schreib-Geschwindigkeit<\/a><time datetime=\"2021-03-10T21:52:00+00:00\" class=\"wp-block-latest-posts__post-date\">March 10, 2021<\/time><div class=\"wp-block-latest-posts__post-excerpt\">Wie viele W\u00f6rter kann man in einer Stunde schreiben?<\/div><\/li>\n<li><div class=\"wp-block-latest-posts__featured-image\"><img loading=\"lazy\" decoding=\"async\" width=\"150\" height=\"150\" src=\"https:\/\/erdbeerbeet.com\/wp-content\/uploads\/2021\/08\/img_writing-e1630005579530-150x150.png\" class=\"attachment-thumbnail size-thumbnail wp-post-image\" alt=\"\" style=\"\" \/><\/div><a class=\"wp-block-latest-posts__post-title\" href=\"https:\/\/erdbeerbeet.com\/de\/pitch\">Pitch<\/a><time datetime=\"2021-03-20T09:21:00+00:00\" class=\"wp-block-latest-posts__post-date\">March 20, 2021<\/time><div class=\"wp-block-latest-posts__post-excerpt\">Es gibt mehrere Gr\u00fcnde, warum mein seine Geschichte in nicht mehr als einigen S\u00e4tzen zusammen fassen k\u00f6nnen sollte.<\/div><\/li>\n<li><div class=\"wp-block-latest-posts__featured-image\"><img loading=\"lazy\" decoding=\"async\" width=\"150\" height=\"150\" src=\"https:\/\/erdbeerbeet.com\/wp-content\/uploads\/2021\/08\/img_writing-e1630005579530-150x150.png\" class=\"attachment-thumbnail size-thumbnail wp-post-image\" alt=\"\" style=\"\" \/><\/div><a class=\"wp-block-latest-posts__post-title\" href=\"https:\/\/erdbeerbeet.com\/de\/plan-a-short-story\">Planen einer Kurzgeschichte<\/a><time datetime=\"2021-03-30T20:00:00+00:00\" class=\"wp-block-latest-posts__post-date\">March 30, 2021<\/time><div class=\"wp-block-latest-posts__post-excerpt\">Das &#8220;kurz&#8221; in Kurzgeschichte sollte nicht dar\u00fcber hinweg t\u00e4uschen, dass es sich um eine eigene Literaturform handelt, an der sich jeder einmal versuchen sollte.<\/div><\/li>\n<li><div class=\"wp-block-latest-posts__featured-image\"><img loading=\"lazy\" decoding=\"async\" width=\"150\" height=\"150\" src=\"https:\/\/erdbeerbeet.com\/wp-content\/uploads\/2021\/08\/img_writing-e1630005579530-150x150.png\" class=\"attachment-thumbnail size-thumbnail wp-post-image\" alt=\"\" style=\"\" \/><\/div><a class=\"wp-block-latest-posts__post-title\" href=\"https:\/\/erdbeerbeet.com\/de\/plot-a-short-story\">Plotten einer Kurzgeschichte<\/a><time datetime=\"2021-04-10T10:00:00+00:00\" class=\"wp-block-latest-posts__post-date\">April 10, 2021<\/time><div class=\"wp-block-latest-posts__post-excerpt\">Eine Kurzgeschichte braucht ein Problem, das sich von Anfang bis Ende durch zieht. Und f\u00fcr die detailliertere Struktur gibt es viele Anleitungen.<\/div><\/li>\n<li><div class=\"wp-block-latest-posts__featured-image\"><img loading=\"lazy\" decoding=\"async\" width=\"150\" height=\"150\" src=\"https:\/\/erdbeerbeet.com\/wp-content\/uploads\/2021\/08\/img_writing-e1630005579530-150x150.png\" class=\"attachment-thumbnail size-thumbnail wp-post-image\" alt=\"\" style=\"\" \/><\/div><a class=\"wp-block-latest-posts__post-title\" href=\"https:\/\/erdbeerbeet.com\/de\/plot-a-short-story-with-abdce\">Plotten einer Kurzgeschichte, mit der ABDCE-Formel<\/a><time datetime=\"2021-04-20T10:00:00+00:00\" class=\"wp-block-latest-posts__post-date\">April 20, 2021<\/time><div class=\"wp-block-latest-posts__post-excerpt\">Mit der ABDCE-Formel kann der Plot wie eine Checkliste abgearbeitet werden.<\/div><\/li>\n<li><div class=\"wp-block-latest-posts__featured-image\"><img loading=\"lazy\" decoding=\"async\" width=\"150\" height=\"150\" src=\"https:\/\/erdbeerbeet.com\/wp-content\/uploads\/2021\/08\/img_writing-e1630005579530-150x150.png\" class=\"attachment-thumbnail size-thumbnail wp-post-image\" alt=\"\" style=\"\" \/><\/div><a class=\"wp-block-latest-posts__post-title\" href=\"https:\/\/erdbeerbeet.com\/de\/plot-a-short-story-with-the-pulp-fiction-formula\">Plotten einer Kurzgeschichte mit der Pulp-Fiction-Formel<\/a><time datetime=\"2021-04-30T10:00:00+00:00\" class=\"wp-block-latest-posts__post-date\">April 30, 2021<\/time><div class=\"wp-block-latest-posts__post-excerpt\">Selbst wenn man nicht plant, eine Pulp-Detektiv-Kurzgeschichte zu schreiben, kann diese Formel hilfreich sein. Aktionreicher geht eigentlich nicht.<\/div><\/li>\n<li><div class=\"wp-block-latest-posts__featured-image\"><img loading=\"lazy\" decoding=\"async\" width=\"150\" height=\"150\" src=\"https:\/\/erdbeerbeet.com\/wp-content\/uploads\/2021\/08\/img_writing-e1630005579530-150x150.png\" class=\"attachment-thumbnail size-thumbnail wp-post-image\" alt=\"\" style=\"\" \/><\/div><a class=\"wp-block-latest-posts__post-title\" href=\"https:\/\/erdbeerbeet.com\/de\/plot-a-short-story-with-the-heros-journey\">Plotten einer Kurzgeschichte mit der Heldenreise<\/a><time datetime=\"2021-05-10T10:00:00+00:00\" class=\"wp-block-latest-posts__post-date\">May 10, 2021<\/time><div class=\"wp-block-latest-posts__post-excerpt\">Auch wenn die Heldenreise den meisten Geschichten zu Grunde liegt &#8211; ob absichtlich oder nicht &#8211; lohnt es, sich einmal mit ihr auseinander zu setzen.<\/div><\/li>\n<li><div class=\"wp-block-latest-posts__featured-image\"><img loading=\"lazy\" decoding=\"async\" width=\"150\" height=\"150\" src=\"https:\/\/erdbeerbeet.com\/wp-content\/uploads\/2021\/08\/img_writing-e1630005579530-150x150.png\" class=\"attachment-thumbnail size-thumbnail wp-post-image\" alt=\"\" style=\"\" \/><\/div><a class=\"wp-block-latest-posts__post-title\" href=\"https:\/\/erdbeerbeet.com\/de\/plot-a-short-story-with-the-3-act-story-structure\">Plotten einer Kurzgeschichte mit der 3-Akt-Struktur<\/a><time datetime=\"2021-05-20T10:00:00+00:00\" class=\"wp-block-latest-posts__post-date\">May 20, 2021<\/time><div class=\"wp-block-latest-posts__post-excerpt\">Die 3-Akt-Struktur ist \u00fcberall, also auch auf meinem Blog. Und zwar als Struktur f\u00fcr Kurzgeschichten.<\/div><\/li>\n<li><div class=\"wp-block-latest-posts__featured-image\"><img loading=\"lazy\" decoding=\"async\" width=\"150\" height=\"150\" src=\"https:\/\/erdbeerbeet.com\/wp-content\/uploads\/2021\/08\/img_writing-e1630005579530-150x150.png\" class=\"attachment-thumbnail size-thumbnail wp-post-image\" alt=\"\" style=\"\" \/><\/div><a class=\"wp-block-latest-posts__post-title\" href=\"https:\/\/erdbeerbeet.com\/de\/plot-a-short-story-with-kishotenketsu\">Plotten einer Kurzgeschichte mit Kish\u014dtenketsu<\/a><time datetime=\"2021-05-30T14:14:00+00:00\" class=\"wp-block-latest-posts__post-date\">May 30, 2021<\/time><div class=\"wp-block-latest-posts__post-excerpt\">Die Geschichts-Struktur ohne Konflikt kommt nicht ganz ohne Konflikt aus. Perfekt um eine sch\u00f6ne Pr\u00e4misse auszuspielen oder eine dicke Wendung in einen schn\u00f6de erscheinenden Alltag zu werfen.<\/div><\/li>\n<li><div class=\"wp-block-latest-posts__featured-image\"><img loading=\"lazy\" decoding=\"async\" width=\"150\" height=\"150\" src=\"https:\/\/erdbeerbeet.com\/wp-content\/uploads\/2021\/08\/img_writing-e1630005579530-150x150.png\" class=\"attachment-thumbnail size-thumbnail wp-post-image\" alt=\"\" style=\"\" \/><\/div><a class=\"wp-block-latest-posts__post-title\" href=\"https:\/\/erdbeerbeet.com\/de\/draft-a-short-story\">Erster Entwurf einer Kurzgeschichte<\/a><time datetime=\"2021-06-10T10:00:00+00:00\" class=\"wp-block-latest-posts__post-date\">June 10, 2021<\/time><div class=\"wp-block-latest-posts__post-excerpt\">With your plot in place, tackle the first draft of your short story. One eye on the cursor and one on the outline.<\/div><\/li>\n<li><div class=\"wp-block-latest-posts__featured-image\"><img loading=\"lazy\" decoding=\"async\" width=\"150\" height=\"150\" src=\"https:\/\/erdbeerbeet.com\/wp-content\/uploads\/2021\/08\/img_writing-e1630005579530-150x150.png\" class=\"attachment-thumbnail size-thumbnail wp-post-image\" alt=\"\" style=\"\" \/><\/div><a class=\"wp-block-latest-posts__post-title\" href=\"https:\/\/erdbeerbeet.com\/de\/revise-a-short-story\">\u00dcberarbeitung einer Kurzgeschichte<\/a><time datetime=\"2021-06-30T10:00:00+00:00\" class=\"wp-block-latest-posts__post-date\">June 30, 2021<\/time><div class=\"wp-block-latest-posts__post-excerpt\">Kurzgeschichten sind auch nur kleine, kurze Romane und verdienen in ihrer \u00dcberarbeitung entsprechend sorgf\u00e4ltige Aufmerksamkeit.<\/div><\/li>\n<li><div class=\"wp-block-latest-posts__featured-image\"><img loading=\"lazy\" decoding=\"async\" width=\"150\" height=\"150\" src=\"https:\/\/erdbeerbeet.com\/wp-content\/uploads\/2021\/08\/img_writing-e1630005579530-150x150.png\" class=\"attachment-thumbnail size-thumbnail wp-post-image\" alt=\"\" style=\"\" \/><\/div><a class=\"wp-block-latest-posts__post-title\" href=\"https:\/\/erdbeerbeet.com\/de\/publish-a-short-story\">Ver\u00f6ffentlichen einer Kurzgeschichte<\/a><time datetime=\"2021-07-30T10:00:00+00:00\" class=\"wp-block-latest-posts__post-date\">July 30, 2021<\/time><div class=\"wp-block-latest-posts__post-excerpt\">Um eine Kurzgeschichte zu ver\u00f6ffentlichen muss man sie f\u00fcr sich selbst zun\u00e4chst einsortieren. Passt sie auf eine Ausschreibung oder zu einem \u00fcbergeordneten Thema?<\/div><\/li>\n<li><div class=\"wp-block-latest-posts__featured-image\"><img loading=\"lazy\" decoding=\"async\" width=\"150\" height=\"150\" src=\"https:\/\/erdbeerbeet.com\/wp-content\/uploads\/2021\/08\/img_writing-e1630005579530-150x150.png\" class=\"attachment-thumbnail size-thumbnail wp-post-image\" alt=\"\" style=\"\" \/><\/div><a class=\"wp-block-latest-posts__post-title\" href=\"https:\/\/erdbeerbeet.com\/de\/the-bechdel-test\">Der Bechdel-Test<\/a><time datetime=\"2021-08-10T10:00:00+00:00\" class=\"wp-block-latest-posts__post-date\">August 10, 2021<\/time><div class=\"wp-block-latest-posts__post-excerpt\">Der Bechdel-Test folgt einfachen Regeln, wird aber h\u00e4ufig nicht bestanden.<\/div><\/li>\n<li><div class=\"wp-block-latest-posts__featured-image\"><img loading=\"lazy\" decoding=\"async\" width=\"150\" height=\"150\" src=\"https:\/\/erdbeerbeet.com\/wp-content\/uploads\/2021\/08\/img_writing-e1630005579530-150x150.png\" class=\"attachment-thumbnail size-thumbnail wp-post-image\" alt=\"\" style=\"\" \/><\/div><a class=\"wp-block-latest-posts__post-title\" href=\"https:\/\/erdbeerbeet.com\/de\/write-realistic-relationships\">Realistische Beziehungen schreiben<\/a><time datetime=\"2021-08-20T10:00:00+00:00\" class=\"wp-block-latest-posts__post-date\">August 20, 2021<\/time><div class=\"wp-block-latest-posts__post-excerpt\">Die Psychologie wei\u00df, warum Menschen in Beziehungen landen. Diese Erkenntnisse sollten unbedingt auch f\u00fcr ausgedachte Charaktere angewandt werden.<\/div><\/li>\n<li><div class=\"wp-block-latest-posts__featured-image\"><img loading=\"lazy\" decoding=\"async\" width=\"150\" height=\"150\" src=\"https:\/\/erdbeerbeet.com\/wp-content\/uploads\/2021\/08\/img_writing-e1630005579530-150x150.png\" class=\"attachment-thumbnail size-thumbnail wp-post-image\" alt=\"\" style=\"\" \/><\/div><a class=\"wp-block-latest-posts__post-title\" href=\"https:\/\/erdbeerbeet.com\/de\/creating-your-body-of-work\">Gesamtwerk zusammenstellen<\/a><time datetime=\"2021-08-30T10:00:00+00:00\" class=\"wp-block-latest-posts__post-date\">August 30, 2021<\/time><div class=\"wp-block-latest-posts__post-excerpt\">Das Gesamtwerk ist eine \u00dcbersicht aller bisherigen kreativen Produkte. F\u00fcr einen Schreiberling also eine kleine Privatbibliothek seiner Geschichten.<\/div><\/li>\n<\/ul>","protected":false},"excerpt":{"rendered":"<p>Als Schriftsteller lese ich selbst unglaublich gerne Artikel \u00fcbers Schreiben. Entweder um etwas Neues zu lernen oder um mich zum Weiterschreiben zu motivieren. Auf die gleiche Art und Weise m\u00f6chte ich gerne etwas zur\u00fcck geben.Anfang 2020 habe ich mit einer Freundin ein w\u00f6chentliches Telefonat ins Leben gerufen, das wir haupts\u00e4chlich nutzen, um \u00fcbers Schreiben zu [&hellip;]<\/p>\n","protected":false},"author":1,"featured_media":385,"parent":0,"menu_order":1,"comment_status":"closed","ping_status":"closed","template":"","meta":{"footnotes":""},"class_list":["post-18","page","type-page","status-publish","has-post-thumbnail","hentry"],"translation":{"provider":"WPGlobus","version":"3.0.0","language":"de","enabled_languages":["en","de"],"languages":{"en":{"title":true,"content":true,"excerpt":false},"de":{"title":true,"content":true,"excerpt":false}}},"_links":{"self":[{"href":"https:\/\/erdbeerbeet.com\/de\/wp-json\/wp\/v2\/pages\/18","targetHints":{"allow":["GET"]}}],"collection":[{"href":"https:\/\/erdbeerbeet.com\/de\/wp-json\/wp\/v2\/pages"}],"about":[{"href":"https:\/\/erdbeerbeet.com\/de\/wp-json\/wp\/v2\/types\/page"}],"author":[{"embeddable":true,"href":"https:\/\/erdbeerbeet.com\/de\/wp-json\/wp\/v2\/users\/1"}],"replies":[{"embeddable":true,"href":"https:\/\/erdbeerbeet.com\/de\/wp-json\/wp\/v2\/comments?post=18"}],"version-history":[{"count":13,"href":"https:\/\/erdbeerbeet.com\/de\/wp-json\/wp\/v2\/pages\/18\/revisions"}],"predecessor-version":[{"id":718,"href":"https:\/\/erdbeerbeet.com\/de\/wp-json\/wp\/v2\/pages\/18\/revisions\/718"}],"wp:featuredmedia":[{"embeddable":true,"href":"https:\/\/erdbeerbeet.com\/de\/wp-json\/wp\/v2\/media\/385"}],"wp:attachment":[{"href":"https:\/\/erdbeerbeet.com\/de\/wp-json\/wp\/v2\/media?parent=18"}],"curies":[{"name":"wp","href":"https:\/\/api.w.org\/{rel}","templated":true}]}}