{"id":35,"date":"2021-01-04T09:48:59","date_gmt":"2021-01-04T09:48:59","guid":{"rendered":"http:\/\/erdbeerbeet.com\/?page_id=35"},"modified":"2021-03-13T21:20:19","modified_gmt":"2021-03-13T21:20:19","slug":"welcome","status":"publish","type":"page","link":"https:\/\/erdbeerbeet.com\/de\/","title":{"rendered":"Willkommen"},"content":{"rendered":"\n<p>Willkommen im Erdbeerbeet!<br>Manche Leute sagen, dass ich zu viele Hobbys habe. Sie haben recht, aber ich mag jedes einzelne zu gerne, um mich davon abhalten zu lassen. Und ich liebe es, dar\u00fcber Artikel zu lesen, um dazu zu lernen oder die Motivation aufleben zu lassen. Und jetzt ist es an der Zeit, dem Internet auch etwas zur\u00fcck zu geben.<\/p>\n\n\n\n<p>Die Themen in diesem Blog m\u00f6gen etwas querbeet erscheinen, aber bei allen geht es darum, etwas gut durchdachtes zu erschaffen und meine Ans\u00e4tze, diesen Prozess zu erkl\u00e4ren und verst\u00e4ndlich darzustellen.<br>Geneigter Leser, ich hoffe Du entdeckst etwas, das Dich interessiert, lernst etwas und f\u00fchlst Dich vor allem zu Deinem n\u00e4chsten Projekt motiviert.<\/p>\n\n\n<p class=\"wp-block-tag-cloud\"><a href=\"https:\/\/erdbeerbeet.com\/de\/tag\/abdce\" class=\"tag-cloud-link tag-link-20 tag-link-position-1\" style=\"font-size: 8pt;\" aria-label=\"abdce (1 item)\">abdce<\/a>\n<a href=\"https:\/\/erdbeerbeet.com\/de\/tag\/accessibility\" class=\"tag-cloud-link tag-link-83 tag-link-position-2\" style=\"font-size: 8pt;\" aria-label=\"accessibility (1 item)\">accessibility<\/a>\n<a href=\"https:\/\/erdbeerbeet.com\/de\/tag\/angular\" class=\"tag-cloud-link tag-link-44 tag-link-position-3\" style=\"font-size: 13.675675675676pt;\" aria-label=\"angular (3 items)\">angular<\/a>\n<a href=\"https:\/\/erdbeerbeet.com\/de\/tag\/app\" class=\"tag-cloud-link tag-link-16 tag-link-position-4\" style=\"font-size: 20.297297297297pt;\" aria-label=\"app (8 items)\">app<\/a>\n<a href=\"https:\/\/erdbeerbeet.com\/de\/tag\/barrierefreiheit\" class=\"tag-cloud-link tag-link-76 tag-link-position-5\" style=\"font-size: 11.405405405405pt;\" aria-label=\"barrierefreiheit (2 items)\">barrierefreiheit<\/a>\n<a href=\"https:\/\/erdbeerbeet.com\/de\/tag\/colors\" class=\"tag-cloud-link tag-link-72 tag-link-position-6\" style=\"font-size: 11.405405405405pt;\" aria-label=\"colors (2 items)\">colors<\/a>\n<a href=\"https:\/\/erdbeerbeet.com\/de\/tag\/comic\" class=\"tag-cloud-link tag-link-78 tag-link-position-7\" style=\"font-size: 8pt;\" aria-label=\"comic (1 item)\">comic<\/a>\n<a href=\"https:\/\/erdbeerbeet.com\/de\/tag\/companero\" class=\"tag-cloud-link tag-link-30 tag-link-position-8\" style=\"font-size: 8pt;\" aria-label=\"companero (1 item)\">companero<\/a>\n<a href=\"https:\/\/erdbeerbeet.com\/de\/tag\/contrast\" class=\"tag-cloud-link tag-link-73 tag-link-position-9\" style=\"font-size: 8pt;\" aria-label=\"contrast (1 item)\">contrast<\/a>\n<a href=\"https:\/\/erdbeerbeet.com\/de\/tag\/customization\" class=\"tag-cloud-link tag-link-74 tag-link-position-10\" style=\"font-size: 8pt;\" aria-label=\"customization (1 item)\">customization<\/a>\n<a href=\"https:\/\/erdbeerbeet.com\/de\/tag\/dark-mode\" class=\"tag-cloud-link tag-link-31 tag-link-position-11\" style=\"font-size: 13.675675675676pt;\" aria-label=\"dark mode (3 items)\">dark mode<\/a>\n<a href=\"https:\/\/erdbeerbeet.com\/de\/tag\/digital-accessibility\" class=\"tag-cloud-link tag-link-71 tag-link-position-12\" style=\"font-size: 17.081081081081pt;\" aria-label=\"digital accessibility (5 items)\">digital accessibility<\/a>\n<a href=\"https:\/\/erdbeerbeet.com\/de\/tag\/draft\" class=\"tag-cloud-link tag-link-5 tag-link-position-13\" style=\"font-size: 11.405405405405pt;\" aria-label=\"draft (2 items)\">draft<\/a>\n<a href=\"https:\/\/erdbeerbeet.com\/de\/tag\/e-book\" class=\"tag-cloud-link tag-link-86 tag-link-position-14\" style=\"font-size: 8pt;\" aria-label=\"e-book (1 item)\">e-book<\/a>\n<a href=\"https:\/\/erdbeerbeet.com\/de\/tag\/epub\" class=\"tag-cloud-link tag-link-85 tag-link-position-15\" style=\"font-size: 8pt;\" aria-label=\"epub (1 item)\">epub<\/a>\n<a href=\"https:\/\/erdbeerbeet.com\/de\/tag\/flame\" class=\"tag-cloud-link tag-link-27 tag-link-position-16\" style=\"font-size: 8pt;\" aria-label=\"flame (1 item)\">flame<\/a>\n<a href=\"https:\/\/erdbeerbeet.com\/de\/tag\/flash-fiction\" class=\"tag-cloud-link tag-link-3 tag-link-position-17\" style=\"font-size: 17.081081081081pt;\" aria-label=\"flash fiction (5 items)\">flash fiction<\/a>\n<a href=\"https:\/\/erdbeerbeet.com\/de\/tag\/flutter\" class=\"tag-cloud-link tag-link-14 tag-link-position-18\" style=\"font-size: 21.243243243243pt;\" aria-label=\"flutter (9 items)\">flutter<\/a>\n<a href=\"https:\/\/erdbeerbeet.com\/de\/tag\/forms\" class=\"tag-cloud-link tag-link-39 tag-link-position-19\" style=\"font-size: 11.405405405405pt;\" aria-label=\"forms (2 items)\">forms<\/a>\n<a href=\"https:\/\/erdbeerbeet.com\/de\/tag\/game\" class=\"tag-cloud-link tag-link-63 tag-link-position-20\" style=\"font-size: 15.567567567568pt;\" aria-label=\"game (4 items)\">game<\/a>\n<a href=\"https:\/\/erdbeerbeet.com\/de\/tag\/generator\" class=\"tag-cloud-link tag-link-67 tag-link-position-21\" style=\"font-size: 11.405405405405pt;\" aria-label=\"generator (2 items)\">generator<\/a>\n<a href=\"https:\/\/erdbeerbeet.com\/de\/tag\/grow-greens\" class=\"tag-cloud-link tag-link-28 tag-link-position-22\" style=\"font-size: 8pt;\" aria-label=\"Grow Greens (1 item)\">Grow Greens<\/a>\n<a href=\"https:\/\/erdbeerbeet.com\/de\/tag\/hackathon\" class=\"tag-cloud-link tag-link-64 tag-link-position-23\" style=\"font-size: 15.567567567568pt;\" aria-label=\"hackathon (4 items)\">hackathon<\/a>\n<a href=\"https:\/\/erdbeerbeet.com\/de\/tag\/kishotenketsu\" class=\"tag-cloud-link tag-link-26 tag-link-position-24\" style=\"font-size: 8pt;\" aria-label=\"kishotenketsu (1 item)\">kishotenketsu<\/a>\n<a href=\"https:\/\/erdbeerbeet.com\/de\/tag\/kurzgeschichte\" class=\"tag-cloud-link tag-link-19 tag-link-position-25\" style=\"font-size: 20.297297297297pt;\" aria-label=\"kurzgeschichte (8 items)\">kurzgeschichte<\/a>\n<a href=\"https:\/\/erdbeerbeet.com\/de\/tag\/level\" class=\"tag-cloud-link tag-link-68 tag-link-position-26\" style=\"font-size: 11.405405405405pt;\" aria-label=\"level (2 items)\">level<\/a>\n<a href=\"https:\/\/erdbeerbeet.com\/de\/tag\/lighthouse\" class=\"tag-cloud-link tag-link-84 tag-link-position-27\" style=\"font-size: 8pt;\" aria-label=\"lighthouse (1 item)\">lighthouse<\/a>\n<a href=\"https:\/\/erdbeerbeet.com\/de\/tag\/localization\" class=\"tag-cloud-link tag-link-17 tag-link-position-28\" style=\"font-size: 8pt;\" aria-label=\"localization (1 item)\">localization<\/a>\n<a href=\"https:\/\/erdbeerbeet.com\/de\/tag\/navigation\" class=\"tag-cloud-link tag-link-15 tag-link-position-29\" style=\"font-size: 8pt;\" aria-label=\"navigation (1 item)\">navigation<\/a>\n<a href=\"https:\/\/erdbeerbeet.com\/de\/tag\/pitch\" class=\"tag-cloud-link tag-link-11 tag-link-position-30\" style=\"font-size: 8pt;\" aria-label=\"pitch (1 item)\">pitch<\/a>\n<a href=\"https:\/\/erdbeerbeet.com\/de\/tag\/plan\" class=\"tag-cloud-link tag-link-2 tag-link-position-31\" style=\"font-size: 11.405405405405pt;\" aria-label=\"plan (2 items)\">plan<\/a>\n<a href=\"https:\/\/erdbeerbeet.com\/de\/tag\/plot\" class=\"tag-cloud-link tag-link-4 tag-link-position-32\" style=\"font-size: 19.351351351351pt;\" aria-label=\"plot (7 items)\">plot<\/a>\n<a href=\"https:\/\/erdbeerbeet.com\/de\/tag\/psychology\" class=\"tag-cloud-link tag-link-34 tag-link-position-33\" style=\"font-size: 11.405405405405pt;\" aria-label=\"psychology (2 items)\">psychology<\/a>\n<a href=\"https:\/\/erdbeerbeet.com\/de\/tag\/publishing\" class=\"tag-cloud-link tag-link-7 tag-link-position-34\" style=\"font-size: 15.567567567568pt;\" aria-label=\"publishing (4 items)\">publishing<\/a>\n<a href=\"https:\/\/erdbeerbeet.com\/de\/tag\/revision\" class=\"tag-cloud-link tag-link-6 tag-link-position-35\" style=\"font-size: 11.405405405405pt;\" aria-label=\"revision (2 items)\">revision<\/a>\n<a href=\"https:\/\/erdbeerbeet.com\/de\/tag\/short-story\" class=\"tag-cloud-link tag-link-18 tag-link-position-36\" style=\"font-size: 22pt;\" aria-label=\"short story (10 items)\">short story<\/a>\n<a href=\"https:\/\/erdbeerbeet.com\/de\/tag\/sound\" class=\"tag-cloud-link tag-link-66 tag-link-position-37\" style=\"font-size: 8pt;\" aria-label=\"sound (1 item)\">sound<\/a>\n<a href=\"https:\/\/erdbeerbeet.com\/de\/tag\/story-one\" class=\"tag-cloud-link tag-link-81 tag-link-position-38\" style=\"font-size: 8pt;\" aria-label=\"story.one (1 item)\">story.one<\/a>\n<a href=\"https:\/\/erdbeerbeet.com\/de\/tag\/wcag\" class=\"tag-cloud-link tag-link-82 tag-link-position-39\" style=\"font-size: 8pt;\" aria-label=\"wcag (1 item)\">wcag<\/a>\n<a href=\"https:\/\/erdbeerbeet.com\/de\/tag\/web\" class=\"tag-cloud-link tag-link-38 tag-link-position-40\" style=\"font-size: 11.405405405405pt;\" aria-label=\"web (2 items)\">web<\/a>\n<a href=\"https:\/\/erdbeerbeet.com\/de\/tag\/website\" class=\"tag-cloud-link tag-link-87 tag-link-position-41\" style=\"font-size: 8pt;\" aria-label=\"website (1 item)\">website<\/a>\n<a href=\"https:\/\/erdbeerbeet.com\/de\/tag\/word-progressor\" class=\"tag-cloud-link tag-link-45 tag-link-position-42\" style=\"font-size: 15.567567567568pt;\" aria-label=\"word progressor (4 items)\">word progressor<\/a>\n<a href=\"https:\/\/erdbeerbeet.com\/de\/tag\/workshop\" class=\"tag-cloud-link tag-link-77 tag-link-position-43\" style=\"font-size: 11.405405405405pt;\" aria-label=\"workshop (2 items)\">workshop<\/a>\n<a href=\"https:\/\/erdbeerbeet.com\/de\/tag\/writing\" class=\"tag-cloud-link tag-link-9 tag-link-position-44\" style=\"font-size: 19.351351351351pt;\" aria-label=\"writing (7 items)\">writing<\/a>\n<a href=\"https:\/\/erdbeerbeet.com\/de\/tag\/writing-speed\" class=\"tag-cloud-link tag-link-10 tag-link-position-45\" style=\"font-size: 8pt;\" aria-label=\"writing speed (1 item)\">writing speed<\/a><\/p>","protected":false},"excerpt":{"rendered":"<p>Willkommen im Erdbeerbeet!Manche Leute sagen, dass ich zu viele Hobbys habe. Sie haben recht, aber ich mag jedes einzelne zu gerne, um mich davon abhalten zu lassen. Und ich liebe es, dar\u00fcber Artikel zu lesen, um dazu zu lernen oder die Motivation aufleben zu lassen. Und jetzt ist es an der Zeit, dem Internet auch [&hellip;]<\/p>\n","protected":false},"author":1,"featured_media":0,"parent":0,"menu_order":0,"comment_status":"closed","ping_status":"closed","template":"","meta":{"footnotes":""},"class_list":["post-35","page","type-page","status-publish","hentry"],"translation":{"provider":"WPGlobus","version":"3.0.0","language":"de","enabled_languages":["en","de"],"languages":{"en":{"title":true,"content":true,"excerpt":false},"de":{"title":true,"content":true,"excerpt":false}}},"_links":{"self":[{"href":"https:\/\/erdbeerbeet.com\/de\/wp-json\/wp\/v2\/pages\/35","targetHints":{"allow":["GET"]}}],"collection":[{"href":"https:\/\/erdbeerbeet.com\/de\/wp-json\/wp\/v2\/pages"}],"about":[{"href":"https:\/\/erdbeerbeet.com\/de\/wp-json\/wp\/v2\/types\/page"}],"author":[{"embeddable":true,"href":"https:\/\/erdbeerbeet.com\/de\/wp-json\/wp\/v2\/users\/1"}],"replies":[{"embeddable":true,"href":"https:\/\/erdbeerbeet.com\/de\/wp-json\/wp\/v2\/comments?post=35"}],"version-history":[{"count":10,"href":"https:\/\/erdbeerbeet.com\/de\/wp-json\/wp\/v2\/pages\/35\/revisions"}],"predecessor-version":[{"id":153,"href":"https:\/\/erdbeerbeet.com\/de\/wp-json\/wp\/v2\/pages\/35\/revisions\/153"}],"wp:attachment":[{"href":"https:\/\/erdbeerbeet.com\/de\/wp-json\/wp\/v2\/media?parent=35"}],"curies":[{"name":"wp","href":"https:\/\/api.w.org\/{rel}","templated":true}]}}