{"id":409,"date":"2021-09-05T20:25:12","date_gmt":"2021-09-05T20:25:12","guid":{"rendered":"https:\/\/erdbeerbeet.com\/?page_id=409"},"modified":"2021-09-05T20:30:18","modified_gmt":"2021-09-05T20:30:18","slug":"projekte","status":"publish","type":"page","link":"https:\/\/erdbeerbeet.com\/de\/projekte","title":{"rendered":"Projekte"},"content":{"rendered":"\n<p>Ich verfolge Projekte in den verschiedenen Bereichen, die meine Interessen so abdecken. Hier m\u00f6chte ich einmal all die Beitr\u00e4ge strukturieren, die zu meinen aktuellen und weiter laufenden Projekten zugeh\u00f6rig sind. Das ist zum Teil, um mich selbst zur Verantwortung zu ziehen, damit auch weiter zu machen und zum Anderen werden so zusammengeh\u00f6rige Beitr\u00e4ge auch enger zusammen geschn\u00fcrt.<\/p>\n\n\n\n<p>Vielleicht m\u00f6chte man alle Beitr\u00e4ge zu einem bestimmten Projekt ansehen und erh\u00e4lt so eine Schritt-f\u00fcr-Schritt Anleitung oder kann meine wackelige Lernkurve nachvollziehen.<br>Bitte habt Spa\u00df und stuppst mich gerne an, wenn euer Lieblingsprojekt seit \u00fcber einem Jahr kein Update erhalten hat&#8230;<\/p>\n","protected":false},"excerpt":{"rendered":"<p>Ich verfolge Projekte in den verschiedenen Bereichen, die meine Interessen so abdecken. Hier m\u00f6chte ich einmal all die Beitr\u00e4ge strukturieren, die zu meinen aktuellen und weiter laufenden Projekten zugeh\u00f6rig sind. Das ist zum Teil, um mich selbst zur Verantwortung zu ziehen, damit auch weiter zu machen und zum Anderen werden so zusammengeh\u00f6rige Beitr\u00e4ge auch enger [&hellip;]<\/p>\n","protected":false},"author":1,"featured_media":404,"parent":0,"menu_order":6,"comment_status":"closed","ping_status":"closed","template":"","meta":{"footnotes":""},"class_list":["post-409","page","type-page","status-publish","has-post-thumbnail","hentry"],"translation":{"provider":"WPGlobus","version":"3.0.0","language":"de","enabled_languages":["en","de"],"languages":{"en":{"title":true,"content":true,"excerpt":false},"de":{"title":true,"content":true,"excerpt":false}}},"_links":{"self":[{"href":"https:\/\/erdbeerbeet.com\/de\/wp-json\/wp\/v2\/pages\/409","targetHints":{"allow":["GET"]}}],"collection":[{"href":"https:\/\/erdbeerbeet.com\/de\/wp-json\/wp\/v2\/pages"}],"about":[{"href":"https:\/\/erdbeerbeet.com\/de\/wp-json\/wp\/v2\/types\/page"}],"author":[{"embeddable":true,"href":"https:\/\/erdbeerbeet.com\/de\/wp-json\/wp\/v2\/users\/1"}],"replies":[{"embeddable":true,"href":"https:\/\/erdbeerbeet.com\/de\/wp-json\/wp\/v2\/comments?post=409"}],"version-history":[{"count":5,"href":"https:\/\/erdbeerbeet.com\/de\/wp-json\/wp\/v2\/pages\/409\/revisions"}],"predecessor-version":[{"id":416,"href":"https:\/\/erdbeerbeet.com\/de\/wp-json\/wp\/v2\/pages\/409\/revisions\/416"}],"wp:featuredmedia":[{"embeddable":true,"href":"https:\/\/erdbeerbeet.com\/de\/wp-json\/wp\/v2\/media\/404"}],"wp:attachment":[{"href":"https:\/\/erdbeerbeet.com\/de\/wp-json\/wp\/v2\/media?parent=409"}],"curies":[{"name":"wp","href":"https:\/\/api.w.org\/{rel}","templated":true}]}}