{"id":413,"date":"2021-09-15T04:33:55","date_gmt":"2021-09-15T04:33:55","guid":{"rendered":"https:\/\/erdbeerbeet.com\/?page_id=413"},"modified":"2021-09-15T04:33:55","modified_gmt":"2021-09-15T04:33:55","slug":"companero-2-0","status":"publish","type":"page","link":"https:\/\/erdbeerbeet.com\/de\/projekte\/companero-2-0","title":{"rendered":"Compa\u00f1ero 2.0"},"content":{"rendered":"\n<p>Der Companero ist ein Mannschaftsrechner f\u00fcr den Tabletop Skirmisher Freebooter&#8217;s Fate.<br>Das Projekt hat als Finger\u00fcbung vor dem Arbeitsantritt begonnen (Herbst 2018). Seit M\u00e4rz 2020 ist er im Store erh\u00e4ltlich und bekommt monatliche Updates &#8211; immer dann wenn f\u00fcr das Spiel neue Charaktere ver\u00f6ffentlicht werden.<\/p>\n\n\n\n<p>Die App ist mit Googles Flutter gebaut, einem cross-plattform Framework. Ich wollte eben schon immer eine App programmieren. Die potentiellen Benutzer sind zwar \u00fcberschaubar, aber die Community ist gro\u00dfartig und reicht entdeckte Bugs ohne Umwege an mich weiter.<\/p>\n\n\n\n<p>Mit Hilfe des Companeros entdecke ich nach und nach die M\u00f6glichkeiten von Apps und von Flutter, um das Ganze dann hier auf dem Erdbeerbeet zu dokumentieren.<br>F\u00fcr Interessierte gibt es die App hier zu finden:<\/p>\n\n\n\n<ul class=\"wp-block-list\"><li><a href=\"https:\/\/play.google.com\/store\/apps\/details?id=com.erdbeerbeet.companero\">Play Store<\/a><\/li><li><a href=\"https:\/\/apps.apple.com\/de\/app\/compa%C3%B1ero-2-0\/id1547801778\">App Store<\/a><\/li><li><a href=\"https:\/\/companero-online.de\/\">Web App<\/a><\/li><\/ul>\n\n\n\n<p>Und noch besser, wenn du Piraten und Spiele magst, aber es hasst zu W\u00fcrfeln, dann schau dir definitiv <a href=\"https:\/\/www.freebooterminiatures.de\/\">Freebooter&#8217;s Fate<\/a> an.<\/p>\n\n\n\n<p><\/p>\n\n\n<ul class=\"wp-block-latest-posts__list is-grid columns-3 wp-block-latest-posts\"><li><div class=\"wp-block-latest-posts__featured-image aligncenter\"><img loading=\"lazy\" decoding=\"async\" width=\"150\" height=\"150\" src=\"https:\/\/erdbeerbeet.com\/wp-content\/uploads\/2021\/08\/img_programming-e1630005605105-150x150.png\" class=\"attachment-thumbnail size-thumbnail wp-post-image\" alt=\"\" style=\"\" \/><\/div><a class=\"wp-block-latest-posts__post-title\" href=\"https:\/\/erdbeerbeet.com\/de\/my-flutter-flight-welcome-to-the-dark-mode\">Meine Flutter-Fahrt &#8211; Der Dunkel-Modus<\/a><div class=\"wp-block-latest-posts__post-excerpt\">Browser, Desktop-Anwendungen und Apps k\u00f6nnen sich inzwischen allesamt dem DarkMode des Ger\u00e4ts unterwerfen. Und der Nutzer m\u00f6chte mit einem Schalter auch mitreden.<\/div><\/li>\n<li><div class=\"wp-block-latest-posts__featured-image aligncenter\"><img loading=\"lazy\" decoding=\"async\" width=\"150\" height=\"150\" src=\"https:\/\/erdbeerbeet.com\/wp-content\/uploads\/2021\/08\/img_programming-e1630005605105-150x150.png\" class=\"attachment-thumbnail size-thumbnail wp-post-image\" alt=\"\" style=\"\" \/><\/div><a class=\"wp-block-latest-posts__post-title\" href=\"https:\/\/erdbeerbeet.com\/de\/meine-flutter-fahrt-was-gibts-neues-nachrichten\">Meine Flutter-Fahrt &#8211; &#8220;Was gibt&#8217;s Neues&#8221; Nachrichten<\/a><div class=\"wp-block-latest-posts__post-excerpt\">For first time users and after an update, I want to display information to my users. A tutorial or release notes.<\/div><\/li>\n<li><div class=\"wp-block-latest-posts__featured-image aligncenter\"><img loading=\"lazy\" decoding=\"async\" width=\"150\" height=\"150\" src=\"https:\/\/erdbeerbeet.com\/wp-content\/uploads\/2021\/08\/img_programming-e1630005605105-150x150.png\" class=\"attachment-thumbnail size-thumbnail wp-post-image\" alt=\"\" style=\"\" \/><\/div><a class=\"wp-block-latest-posts__post-title\" href=\"https:\/\/erdbeerbeet.com\/de\/meine-flutter-fahrt-app-updates\">Meine Flutter-Fahrt &#8211; App-Updates<\/a><div class=\"wp-block-latest-posts__post-excerpt\">This is for me to remember how to update my app for all the flutter platforms&#8230; and for those who are interested.<\/div><\/li>\n<li><div class=\"wp-block-latest-posts__featured-image aligncenter\"><img loading=\"lazy\" decoding=\"async\" width=\"150\" height=\"150\" src=\"https:\/\/erdbeerbeet.com\/wp-content\/uploads\/2021\/08\/img_programming-e1630005605105-150x150.png\" class=\"attachment-thumbnail size-thumbnail wp-post-image\" alt=\"\" style=\"\" \/><\/div><a class=\"wp-block-latest-posts__post-title\" href=\"https:\/\/erdbeerbeet.com\/de\/my-flutter-flight-localization\">Meine Flutter-Fahrt &#8211; Lokalisierung<\/a><div class=\"wp-block-latest-posts__post-excerpt\">Man kann gar nicht fr\u00fch genug anfangen, seine App zu lokalisieren. Ganz egal, ob f\u00fcr mehrere Sprachen, oder weil man seinen Text aufger\u00e4umt haben m\u00f6chte.<\/div><\/li>\n<\/ul>","protected":false},"excerpt":{"rendered":"<p>Der Companero ist ein Mannschaftsrechner f\u00fcr den Tabletop Skirmisher Freebooter&#8217;s Fate.Das Projekt hat als Finger\u00fcbung vor dem Arbeitsantritt begonnen (Herbst 2018). Seit M\u00e4rz 2020 ist er im Store erh\u00e4ltlich und bekommt monatliche Updates &#8211; immer dann wenn f\u00fcr das Spiel neue Charaktere ver\u00f6ffentlicht werden. Die App ist mit Googles Flutter gebaut, einem cross-plattform Framework. Ich [&hellip;]<\/p>\n","protected":false},"author":1,"featured_media":384,"parent":409,"menu_order":0,"comment_status":"closed","ping_status":"closed","template":"","meta":{"footnotes":""},"class_list":["post-413","page","type-page","status-publish","has-post-thumbnail","hentry"],"translation":{"provider":"WPGlobus","version":"3.0.0","language":"de","enabled_languages":["en","de"],"languages":{"en":{"title":true,"content":true,"excerpt":false},"de":{"title":true,"content":true,"excerpt":false}}},"_links":{"self":[{"href":"https:\/\/erdbeerbeet.com\/de\/wp-json\/wp\/v2\/pages\/413","targetHints":{"allow":["GET"]}}],"collection":[{"href":"https:\/\/erdbeerbeet.com\/de\/wp-json\/wp\/v2\/pages"}],"about":[{"href":"https:\/\/erdbeerbeet.com\/de\/wp-json\/wp\/v2\/types\/page"}],"author":[{"embeddable":true,"href":"https:\/\/erdbeerbeet.com\/de\/wp-json\/wp\/v2\/users\/1"}],"replies":[{"embeddable":true,"href":"https:\/\/erdbeerbeet.com\/de\/wp-json\/wp\/v2\/comments?post=413"}],"version-history":[{"count":12,"href":"https:\/\/erdbeerbeet.com\/de\/wp-json\/wp\/v2\/pages\/413\/revisions"}],"predecessor-version":[{"id":463,"href":"https:\/\/erdbeerbeet.com\/de\/wp-json\/wp\/v2\/pages\/413\/revisions\/463"}],"up":[{"embeddable":true,"href":"https:\/\/erdbeerbeet.com\/de\/wp-json\/wp\/v2\/pages\/409"}],"wp:featuredmedia":[{"embeddable":true,"href":"https:\/\/erdbeerbeet.com\/de\/wp-json\/wp\/v2\/media\/384"}],"wp:attachment":[{"href":"https:\/\/erdbeerbeet.com\/de\/wp-json\/wp\/v2\/media?parent=413"}],"curies":[{"name":"wp","href":"https:\/\/api.w.org\/{rel}","templated":true}]}}