{"id":417,"date":"2021-09-06T13:22:07","date_gmt":"2021-09-06T13:22:07","guid":{"rendered":"https:\/\/erdbeerbeet.com\/?page_id=417"},"modified":"2021-09-06T13:26:11","modified_gmt":"2021-09-06T13:26:11","slug":"geschichten-vom-erdbeerbeet","status":"publish","type":"page","link":"https:\/\/erdbeerbeet.com\/de\/projekte\/geschichten-vom-erdbeerbeet","title":{"rendered":"Geschichten vom Erdbeerbeet"},"content":{"rendered":"\n<p>2019 habe ich beschlossen, Kurzgeschichten zu schreiben. Mit dem Ziel, endlich mal etwas an Verlage zu schicken. Einige von ihnen waren sogar erfolgreich &#8211; auch wenn das nicht mein Hauptziel war. Inzwischen habe ich richtig Gefallen daran gefunden, Kurzgeschichten zu produzieren. Sie sind deutlich weniger aufw\u00e4ndig als meine noch immer unfertigen Romane&#8230;<\/p>\n\n\n\n<p>Als Projekt m\u00f6chte ich nun einmal meine eigene Kurzgeschichten-Sammlung erstellen, zum Thema&#8230; Erdbeeren (\u00fcberraschend, oder?). Das Plotten hat schon in den unten verlinkten Beitr\u00e4gen stattgefunden. Als n\u00e4chstes m\u00fcssen sie alle noch geschrieben, \u00fcberarbeitet und fertig gestellt werden, um dann die aufregende Welt des Selfpublishings zu betreten. Soweit der Plan.<\/p>\n\n\n\n<p>Auf meinem Weg dort hin mache ich bestimmt so einige Entdeckungen, die ich dann hier vorstellen kann. Auf dem urspr\u00fcnglichen Erdbeerbeet, dem die Ideen entsprossen sind.<\/p>\n\n\n\n<p><\/p>\n\n\n<ul class=\"wp-block-latest-posts__list is-grid columns-3 has-dates wp-block-latest-posts\"><li><div class=\"wp-block-latest-posts__featured-image\"><img loading=\"lazy\" decoding=\"async\" width=\"150\" height=\"150\" src=\"https:\/\/erdbeerbeet.com\/wp-content\/uploads\/2021\/08\/img_writing-e1630005579530-150x150.png\" class=\"attachment-thumbnail size-thumbnail wp-post-image\" alt=\"\" style=\"\" \/><\/div><a class=\"wp-block-latest-posts__post-title\" href=\"https:\/\/erdbeerbeet.com\/de\/plot-a-short-story-with-abdce\">Plotten einer Kurzgeschichte, mit der ABDCE-Formel<\/a><time datetime=\"2021-04-20T10:00:00+00:00\" class=\"wp-block-latest-posts__post-date\">April 20, 2021<\/time><div class=\"wp-block-latest-posts__post-excerpt\">Mit der ABDCE-Formel kann der Plot wie eine Checkliste abgearbeitet werden.<\/div><\/li>\n<li><div class=\"wp-block-latest-posts__featured-image\"><img loading=\"lazy\" decoding=\"async\" width=\"150\" height=\"150\" src=\"https:\/\/erdbeerbeet.com\/wp-content\/uploads\/2021\/08\/img_writing-e1630005579530-150x150.png\" class=\"attachment-thumbnail size-thumbnail wp-post-image\" alt=\"\" style=\"\" \/><\/div><a class=\"wp-block-latest-posts__post-title\" href=\"https:\/\/erdbeerbeet.com\/de\/plot-a-short-story-with-the-pulp-fiction-formula\">Plotten einer Kurzgeschichte mit der Pulp-Fiction-Formel<\/a><time datetime=\"2021-04-30T10:00:00+00:00\" class=\"wp-block-latest-posts__post-date\">April 30, 2021<\/time><div class=\"wp-block-latest-posts__post-excerpt\">Selbst wenn man nicht plant, eine Pulp-Detektiv-Kurzgeschichte zu schreiben, kann diese Formel hilfreich sein. Aktionreicher geht eigentlich nicht.<\/div><\/li>\n<li><div class=\"wp-block-latest-posts__featured-image\"><img loading=\"lazy\" decoding=\"async\" width=\"150\" height=\"150\" src=\"https:\/\/erdbeerbeet.com\/wp-content\/uploads\/2021\/08\/img_writing-e1630005579530-150x150.png\" class=\"attachment-thumbnail size-thumbnail wp-post-image\" alt=\"\" style=\"\" \/><\/div><a class=\"wp-block-latest-posts__post-title\" href=\"https:\/\/erdbeerbeet.com\/de\/plot-a-short-story-with-the-heros-journey\">Plotten einer Kurzgeschichte mit der Heldenreise<\/a><time datetime=\"2021-05-10T10:00:00+00:00\" class=\"wp-block-latest-posts__post-date\">May 10, 2021<\/time><div class=\"wp-block-latest-posts__post-excerpt\">Auch wenn die Heldenreise den meisten Geschichten zu Grunde liegt &#8211; ob absichtlich oder nicht &#8211; lohnt es, sich einmal mit ihr auseinander zu setzen.<\/div><\/li>\n<li><div class=\"wp-block-latest-posts__featured-image\"><img loading=\"lazy\" decoding=\"async\" width=\"150\" height=\"150\" src=\"https:\/\/erdbeerbeet.com\/wp-content\/uploads\/2021\/08\/img_writing-e1630005579530-150x150.png\" class=\"attachment-thumbnail size-thumbnail wp-post-image\" alt=\"\" style=\"\" \/><\/div><a class=\"wp-block-latest-posts__post-title\" href=\"https:\/\/erdbeerbeet.com\/de\/plot-a-short-story-with-the-3-act-story-structure\">Plotten einer Kurzgeschichte mit der 3-Akt-Struktur<\/a><time datetime=\"2021-05-20T10:00:00+00:00\" class=\"wp-block-latest-posts__post-date\">May 20, 2021<\/time><div class=\"wp-block-latest-posts__post-excerpt\">Die 3-Akt-Struktur ist \u00fcberall, also auch auf meinem Blog. Und zwar als Struktur f\u00fcr Kurzgeschichten.<\/div><\/li>\n<li><div class=\"wp-block-latest-posts__featured-image\"><img loading=\"lazy\" decoding=\"async\" width=\"150\" height=\"150\" src=\"https:\/\/erdbeerbeet.com\/wp-content\/uploads\/2021\/08\/img_writing-e1630005579530-150x150.png\" class=\"attachment-thumbnail size-thumbnail wp-post-image\" alt=\"\" style=\"\" \/><\/div><a class=\"wp-block-latest-posts__post-title\" href=\"https:\/\/erdbeerbeet.com\/de\/plot-a-short-story-with-kishotenketsu\">Plotten einer Kurzgeschichte mit Kish\u014dtenketsu<\/a><time datetime=\"2021-05-30T14:14:00+00:00\" class=\"wp-block-latest-posts__post-date\">May 30, 2021<\/time><div class=\"wp-block-latest-posts__post-excerpt\">Die Geschichts-Struktur ohne Konflikt kommt nicht ganz ohne Konflikt aus. Perfekt um eine sch\u00f6ne Pr\u00e4misse auszuspielen oder eine dicke Wendung in einen schn\u00f6de erscheinenden Alltag zu werfen.<\/div><\/li>\n<\/ul>","protected":false},"excerpt":{"rendered":"<p>2019 habe ich beschlossen, Kurzgeschichten zu schreiben. Mit dem Ziel, endlich mal etwas an Verlage zu schicken. Einige von ihnen waren sogar erfolgreich &#8211; auch wenn das nicht mein Hauptziel war. Inzwischen habe ich richtig Gefallen daran gefunden, Kurzgeschichten zu produzieren. Sie sind deutlich weniger aufw\u00e4ndig als meine noch immer unfertigen Romane&#8230; Als Projekt m\u00f6chte [&hellip;]<\/p>\n","protected":false},"author":1,"featured_media":0,"parent":409,"menu_order":0,"comment_status":"closed","ping_status":"closed","template":"","meta":{"footnotes":""},"class_list":["post-417","page","type-page","status-publish","hentry"],"translation":{"provider":"WPGlobus","version":"3.0.0","language":"de","enabled_languages":["en","de"],"languages":{"en":{"title":true,"content":true,"excerpt":false},"de":{"title":true,"content":true,"excerpt":false}}},"_links":{"self":[{"href":"https:\/\/erdbeerbeet.com\/de\/wp-json\/wp\/v2\/pages\/417","targetHints":{"allow":["GET"]}}],"collection":[{"href":"https:\/\/erdbeerbeet.com\/de\/wp-json\/wp\/v2\/pages"}],"about":[{"href":"https:\/\/erdbeerbeet.com\/de\/wp-json\/wp\/v2\/types\/page"}],"author":[{"embeddable":true,"href":"https:\/\/erdbeerbeet.com\/de\/wp-json\/wp\/v2\/users\/1"}],"replies":[{"embeddable":true,"href":"https:\/\/erdbeerbeet.com\/de\/wp-json\/wp\/v2\/comments?post=417"}],"version-history":[{"count":11,"href":"https:\/\/erdbeerbeet.com\/de\/wp-json\/wp\/v2\/pages\/417\/revisions"}],"predecessor-version":[{"id":453,"href":"https:\/\/erdbeerbeet.com\/de\/wp-json\/wp\/v2\/pages\/417\/revisions\/453"}],"up":[{"embeddable":true,"href":"https:\/\/erdbeerbeet.com\/de\/wp-json\/wp\/v2\/pages\/409"}],"wp:attachment":[{"href":"https:\/\/erdbeerbeet.com\/de\/wp-json\/wp\/v2\/media?parent=417"}],"curies":[{"name":"wp","href":"https:\/\/api.w.org\/{rel}","templated":true}]}}