{"id":419,"date":"2021-09-15T04:48:06","date_gmt":"2021-09-15T04:48:06","guid":{"rendered":"https:\/\/erdbeerbeet.com\/?page_id=419"},"modified":"2021-10-29T07:57:18","modified_gmt":"2021-10-29T07:57:18","slug":"wordprogressor","status":"publish","type":"page","link":"https:\/\/erdbeerbeet.com\/de\/projekte\/wordprogressor","title":{"rendered":"WordProgressor"},"content":{"rendered":"\n<p>Ich h\u00e4tte wirklich gerne so eine App&#8230; Also baue ich sie.<\/p>\n\n\n\n<p>Der WordProgressor soll meine Schreibprojekte organisieren und \u00fcberblicken. Er ist au\u00dferdem eine gute Gelegenheit, Angular einzusetzen, mit Firebase im Hintergrund. Dieses Projekt startet als MVP, wird dann online gestellt und ich bin gespannt wieviele Schreiberlinge auch schon auf so eine App gewartet haben.<\/p>\n\n\n\n<p>Meine WordProgressor-App kann als Projekt zwei meiner gro\u00dfen Interessen in sich vereinen: Schreiben und Programmieren.<br>Auf dem Erdbeerbeet dokumentiere ich, wie die Funktionalit\u00e4ten langsam mehr werden, um endlich einen Platz zu haben f\u00fcr Geschichten in Arbeit, neue Ideen und Teilnahmen aus Ausschreibungen.<\/p>\n\n\n\n<p>Die Webanwendung findet sich hier: <a href=\"https:\/\/wordprogressor.web.app\/\">https:\/\/wordprogressor.web.app\/<\/a> (gehostet von Firebase).<\/p>\n\n\n\n<p>Links zu Store-Eintr\u00e4ge folgen, sobald es sie gibt.<\/p>\n\n\n<ul class=\"wp-block-latest-posts__list is-grid columns-3 wp-block-latest-posts\"><li><div class=\"wp-block-latest-posts__featured-image\"><img loading=\"lazy\" decoding=\"async\" width=\"150\" height=\"150\" src=\"https:\/\/erdbeerbeet.com\/wp-content\/uploads\/2021\/08\/img_programming-e1630005605105-150x150.png\" class=\"attachment-thumbnail size-thumbnail wp-post-image\" alt=\"\" style=\"\" \/><\/div><a class=\"wp-block-latest-posts__post-title\" href=\"https:\/\/erdbeerbeet.com\/de\/customization-for-my-angular-application\">Customization for my Angular Application<\/a><div class=\"wp-block-latest-posts__post-excerpt\">On my journey to accessibility for web, apps, and everything, I decided to build a feature into my app, to make the appearance fully customizable for the user.<\/div><\/li>\n<li><div class=\"wp-block-latest-posts__featured-image\"><img loading=\"lazy\" decoding=\"async\" width=\"150\" height=\"150\" src=\"https:\/\/erdbeerbeet.com\/wp-content\/uploads\/2021\/08\/img_programming-e1630005605105-150x150.png\" class=\"attachment-thumbnail size-thumbnail wp-post-image\" alt=\"\" style=\"\" \/><\/div><a class=\"wp-block-latest-posts__post-title\" href=\"https:\/\/erdbeerbeet.com\/de\/from-angular-to-pwa\">Von Angular zu PWA<\/a><div class=\"wp-block-latest-posts__post-excerpt\">Mit wenig Aufwand kann aus einer Angular Webanwendung eine PWA gemacht werden.<\/div><\/li>\n<li><div class=\"wp-block-latest-posts__featured-image\"><img loading=\"lazy\" decoding=\"async\" width=\"150\" height=\"150\" src=\"https:\/\/erdbeerbeet.com\/wp-content\/uploads\/2021\/08\/cropped-img_strawberry-e1630005532814-150x150.png\" class=\"attachment-thumbnail size-thumbnail wp-post-image\" alt=\"\" style=\"\" \/><\/div><a class=\"wp-block-latest-posts__post-title\" href=\"https:\/\/erdbeerbeet.com\/de\/achievements-for-apps\">Achievements f\u00fcr Apps<\/a><div class=\"wp-block-latest-posts__post-excerpt\">Achievements motivieren. Und um dem Nutzer das volle Achievement-Erlebnis zu bieten sind hier vier verschiedene Arten von Achievements.<\/div><\/li>\n<li><div class=\"wp-block-latest-posts__featured-image\"><img loading=\"lazy\" decoding=\"async\" width=\"150\" height=\"150\" src=\"https:\/\/erdbeerbeet.com\/wp-content\/uploads\/2021\/08\/img_programming-e1630005605105-150x150.png\" class=\"attachment-thumbnail size-thumbnail wp-post-image\" alt=\"\" style=\"\" \/><\/div><a class=\"wp-block-latest-posts__post-title\" href=\"https:\/\/erdbeerbeet.com\/de\/angular-user-accounts-with-firebase\">Angular &#8211; Benutzerkonten mit Firebase Rest API<\/a><div class=\"wp-block-latest-posts__post-excerpt\">Ein Benutzerkonto sollte f\u00fcr mich erst einmal optional sein. Wenn ich eine Anwendung anonym ausprobiert habe erstelle ich dann ein Konto, um meine Daten online zu speichern.<\/div><\/li>\n<li><div class=\"wp-block-latest-posts__featured-image\"><img loading=\"lazy\" decoding=\"async\" width=\"150\" height=\"150\" src=\"https:\/\/erdbeerbeet.com\/wp-content\/uploads\/2021\/08\/img_programming-e1630005605105-150x150.png\" class=\"attachment-thumbnail size-thumbnail wp-post-image\" alt=\"\" style=\"\" \/><\/div><a class=\"wp-block-latest-posts__post-title\" href=\"https:\/\/erdbeerbeet.com\/de\/angular-welcome-to-the-dark-mode\">Angular &#8211; Der Dunkel-Modus<\/a><div class=\"wp-block-latest-posts__post-excerpt\">In Angular gibt es mehrere M\u00f6glichkeiten, den Dark Mode umzusetzen. Material, Theming und reines CSS.<\/div><\/li>\n<\/ul>","protected":false},"excerpt":{"rendered":"<p>Ich h\u00e4tte wirklich gerne so eine App&#8230; Also baue ich sie. Der WordProgressor soll meine Schreibprojekte organisieren und \u00fcberblicken. Er ist au\u00dferdem eine gute Gelegenheit, Angular einzusetzen, mit Firebase im Hintergrund. Dieses Projekt startet als MVP, wird dann online gestellt und ich bin gespannt wieviele Schreiberlinge auch schon auf so eine App gewartet haben. Meine [&hellip;]<\/p>\n","protected":false},"author":1,"featured_media":0,"parent":409,"menu_order":0,"comment_status":"closed","ping_status":"closed","template":"","meta":{"footnotes":""},"class_list":["post-419","page","type-page","status-publish","hentry"],"translation":{"provider":"WPGlobus","version":"3.0.0","language":"de","enabled_languages":["en","de"],"languages":{"en":{"title":true,"content":true,"excerpt":false},"de":{"title":true,"content":true,"excerpt":false}}},"_links":{"self":[{"href":"https:\/\/erdbeerbeet.com\/de\/wp-json\/wp\/v2\/pages\/419","targetHints":{"allow":["GET"]}}],"collection":[{"href":"https:\/\/erdbeerbeet.com\/de\/wp-json\/wp\/v2\/pages"}],"about":[{"href":"https:\/\/erdbeerbeet.com\/de\/wp-json\/wp\/v2\/types\/page"}],"author":[{"embeddable":true,"href":"https:\/\/erdbeerbeet.com\/de\/wp-json\/wp\/v2\/users\/1"}],"replies":[{"embeddable":true,"href":"https:\/\/erdbeerbeet.com\/de\/wp-json\/wp\/v2\/comments?post=419"}],"version-history":[{"count":8,"href":"https:\/\/erdbeerbeet.com\/de\/wp-json\/wp\/v2\/pages\/419\/revisions"}],"predecessor-version":[{"id":564,"href":"https:\/\/erdbeerbeet.com\/de\/wp-json\/wp\/v2\/pages\/419\/revisions\/564"}],"up":[{"embeddable":true,"href":"https:\/\/erdbeerbeet.com\/de\/wp-json\/wp\/v2\/pages\/409"}],"wp:attachment":[{"href":"https:\/\/erdbeerbeet.com\/de\/wp-json\/wp\/v2\/media?parent=419"}],"curies":[{"name":"wp","href":"https:\/\/api.w.org\/{rel}","templated":true}]}}