{"id":633,"date":"2022-06-15T15:26:44","date_gmt":"2022-06-15T15:26:44","guid":{"rendered":"https:\/\/erdbeerbeet.com\/?page_id=633"},"modified":"2022-06-15T15:28:39","modified_gmt":"2022-06-15T15:28:39","slug":"digital-accessibility","status":"publish","type":"page","link":"https:\/\/erdbeerbeet.com\/de\/programmierung\/digital-accessibility","title":{"rendered":"Digital Accessibility"},"content":{"rendered":"\n<p>After my Code Pub talk, I wish to deepen the discussion about digital accessibility. Which steps to take, how to use small changes for fewer barriers and not risk any lawsuits.<br>Look forward for some posts, that might appear in the next few weeks and months.<\/p>\n\n\n<ul class=\"wp-block-latest-posts__list wp-block-latest-posts\"><li><div class=\"wp-block-latest-posts__featured-image\"><a href=\"https:\/\/erdbeerbeet.com\/de\/digitale-barrierefreiheit-regeln-und-der-easy-check\" aria-label=\"Digitale Barrierefreiheit \u2013 Regeln und der Easy Check\"><img loading=\"lazy\" decoding=\"async\" width=\"150\" height=\"150\" src=\"https:\/\/erdbeerbeet.com\/wp-content\/uploads\/2021\/08\/img_programming-e1630005605105-150x150.png\" class=\"attachment-thumbnail size-thumbnail wp-post-image\" alt=\"\" style=\"\" \/><\/a><\/div><a class=\"wp-block-latest-posts__post-title\" href=\"https:\/\/erdbeerbeet.com\/de\/digitale-barrierefreiheit-regeln-und-der-easy-check\">Digitale Barrierefreiheit \u2013 Regeln und der Easy Check<\/a><div class=\"wp-block-latest-posts__post-excerpt\">Wie ist eine barrierefreie Anwendung definiert? Oder anders; wie kann ich sicherstellen, dass meine Anwendung barrierefrei ist?Ganz sicher l\u00e4sst sich das wohl nie sagen und vermutlich gibt es auch keine 100% barrierefreien Anwendungen. Was es aber gibt sind Richtlinien, an denen Barrierefreiheit bemessen werden kann. WCAG &#8211; Web Content Accessibility Guidelines Die Web Content Accessibility\u2026 <a class=\"wp-block-latest-posts__read-more\" href=\"https:\/\/erdbeerbeet.com\/de\/digitale-barrierefreiheit-regeln-und-der-easy-check\" rel=\"noopener noreferrer\">Read more<span class=\"screen-reader-text\">: Digitale Barrierefreiheit \u2013 Regeln und der Easy Check<\/span><\/a><\/div><\/li>\n<li><div class=\"wp-block-latest-posts__featured-image\"><a href=\"https:\/\/erdbeerbeet.com\/de\/barrierefreie-ebooks\" aria-label=\"Barrierefreie eBooks\"><img loading=\"lazy\" decoding=\"async\" width=\"150\" height=\"150\" src=\"https:\/\/erdbeerbeet.com\/wp-content\/uploads\/2021\/08\/img_writing-e1630005579530-150x150.png\" class=\"attachment-thumbnail size-thumbnail wp-post-image\" alt=\"\" style=\"\" \/><\/a><\/div><a class=\"wp-block-latest-posts__post-title\" href=\"https:\/\/erdbeerbeet.com\/de\/barrierefreie-ebooks\">Barrierefreie eBooks<\/a><div class=\"wp-block-latest-posts__post-excerpt\">Heutzutage schreibe und arbeite ich viel bez\u00fcglich digitaler Barrierefreiheit. Als Schriftstellerin sind mit dabei k\u00fcrzlich auch barrierefreie eBooks \u00fcber den Weg gelaufen. Diese m\u00fcssen nat\u00fcrlich die selben Kriterien erf\u00fcllen, wie jedes digitale Produkt. Zumindest fast. Lasst mich kurz die paar Kriterien vorstellen, die f\u00fcr barrierefreie eBooks gelten. Barrierefreiheitsst\u00e4rkungsgesetz Im Juni 2025 ist das Barrierefreiheitsst\u00e4rkungsgesetz in\u2026 <a class=\"wp-block-latest-posts__read-more\" href=\"https:\/\/erdbeerbeet.com\/de\/barrierefreie-ebooks\" rel=\"noopener noreferrer\">Read more<span class=\"screen-reader-text\">: Barrierefreie eBooks<\/span><\/a><\/div><\/li>\n<li><div class=\"wp-block-latest-posts__featured-image\"><a href=\"https:\/\/erdbeerbeet.com\/de\/digitale-barrierefreiheit-der-comic\" aria-label=\"Digitale Barrierefreiheit &#8211; Der Comic\"><img loading=\"lazy\" decoding=\"async\" width=\"150\" height=\"150\" src=\"https:\/\/erdbeerbeet.com\/wp-content\/uploads\/2024\/05\/Comic_cover-150x150.jpg\" class=\"attachment-thumbnail size-thumbnail wp-post-image\" alt=\"Comic Coverpage\" style=\"\" \/><\/a><\/div><a class=\"wp-block-latest-posts__post-title\" href=\"https:\/\/erdbeerbeet.com\/de\/digitale-barrierefreiheit-der-comic\">Digitale Barrierefreiheit &#8211; Der Comic<\/a><div class=\"wp-block-latest-posts__post-excerpt\">Um das Thema Digitale Barrierefreiheit leichter zu vermitteln, gibt es hier einen Comic, der in 12 Seiten durch die verschiedenen Themenfelder f\u00fchrt.<\/div><\/li>\n<li><div class=\"wp-block-latest-posts__featured-image\"><a href=\"https:\/\/erdbeerbeet.com\/de\/digitale-barrierefreiheit-barrieren-und-betroffene\" aria-label=\"Digitale Barrierefreiheit &#8211; Barrieren und Betroffene\"><img loading=\"lazy\" decoding=\"async\" width=\"150\" height=\"150\" src=\"https:\/\/erdbeerbeet.com\/wp-content\/uploads\/2021\/08\/img_programming-e1630005605105-150x150.png\" class=\"attachment-thumbnail size-thumbnail wp-post-image\" alt=\"\" style=\"\" \/><\/a><\/div><a class=\"wp-block-latest-posts__post-title\" href=\"https:\/\/erdbeerbeet.com\/de\/digitale-barrierefreiheit-barrieren-und-betroffene\">Digitale Barrierefreiheit &#8211; Barrieren und Betroffene<\/a><div class=\"wp-block-latest-posts__post-excerpt\">Zur Einleitung stelle sich jeder einmal die Frage, ob er oder sie sich als von digitalen Barrieren betroffen sieht. Fehlsichtigkeit? Dyslexie? Rot-Gr\u00fcn-Schw\u00e4che? Das ist allerdings nur ein Bruchteil an Ausgangsbedingungen, die einem die Benutzung des Internets erschweren. Microsofts Barriere-Matrix Es gibt verschiedene Bereiche der Wahrnehmung, in denen Einschr\u00e4nkungen vorliegen k\u00f6nnen. Sicht, Geh\u00f6r, Sprechen und Motorik.\u2026 <a class=\"wp-block-latest-posts__read-more\" href=\"https:\/\/erdbeerbeet.com\/de\/digitale-barrierefreiheit-barrieren-und-betroffene\" rel=\"noopener noreferrer\">Read more<span class=\"screen-reader-text\">: Digitale Barrierefreiheit &#8211; Barrieren und Betroffene<\/span><\/a><\/div><\/li>\n<li><div class=\"wp-block-latest-posts__featured-image\"><a href=\"https:\/\/erdbeerbeet.com\/de\/digitale-barrierefreiheit-ein-workshop\" aria-label=\"Digitale Barrierefreiheit &#8211; Ein Workshop\"><img loading=\"lazy\" decoding=\"async\" width=\"150\" height=\"150\" src=\"https:\/\/erdbeerbeet.com\/wp-content\/uploads\/2021\/08\/img_programming-e1630005605105-150x150.png\" class=\"attachment-thumbnail size-thumbnail wp-post-image\" alt=\"\" style=\"\" \/><\/a><\/div><a class=\"wp-block-latest-posts__post-title\" href=\"https:\/\/erdbeerbeet.com\/de\/digitale-barrierefreiheit-ein-workshop\">Digitale Barrierefreiheit &#8211; Ein Workshop<\/a><div class=\"wp-block-latest-posts__post-excerpt\">Barrierefreiheit ist eine wichtige und urspr\u00fcngliche Anforderung an das Internet und alle Seiten und Anwendungen, die in ihm zur Verf\u00fcgung stehen. An der Umsetzung derselben hapert es allerdings noch.<\/div><\/li>\n<li><div class=\"wp-block-latest-posts__featured-image\"><a href=\"https:\/\/erdbeerbeet.com\/de\/customization-for-my-angular-application\" aria-label=\"Customization for my Angular Application\"><img loading=\"lazy\" decoding=\"async\" width=\"150\" height=\"150\" src=\"https:\/\/erdbeerbeet.com\/wp-content\/uploads\/2021\/08\/img_programming-e1630005605105-150x150.png\" class=\"attachment-thumbnail size-thumbnail wp-post-image\" alt=\"\" style=\"\" \/><\/a><\/div><a class=\"wp-block-latest-posts__post-title\" href=\"https:\/\/erdbeerbeet.com\/de\/customization-for-my-angular-application\">Customization for my Angular Application<\/a><div class=\"wp-block-latest-posts__post-excerpt\">On my journey to accessibility for web, apps, and everything, I decided to build a feature into my app, to make the appearance fully customizable for the user.<\/div><\/li>\n<li><div class=\"wp-block-latest-posts__featured-image\"><a href=\"https:\/\/erdbeerbeet.com\/de\/digital-accessibility-colors\" aria-label=\"Digital Accessibility: Colors\"><img loading=\"lazy\" decoding=\"async\" width=\"150\" height=\"150\" src=\"https:\/\/erdbeerbeet.com\/wp-content\/uploads\/2021\/08\/img_programming-e1630005605105-150x150.png\" class=\"attachment-thumbnail size-thumbnail wp-post-image\" alt=\"\" style=\"\" \/><\/a><\/div><a class=\"wp-block-latest-posts__post-title\" href=\"https:\/\/erdbeerbeet.com\/de\/digital-accessibility-colors\">Digital Accessibility: Colors<\/a><div class=\"wp-block-latest-posts__post-excerpt\">Low color contrast is by the time the most common failure of digital accessibility. But it&#8217;s very easy to fix that.<\/div><\/li>\n<\/ul>","protected":false},"excerpt":{"rendered":"<p>After my Code Pub talk, I wish to deepen the discussion about digital accessibility. Which steps to take, how to use small changes for fewer barriers and not risk any lawsuits.Look forward for some posts, that might appear in the next few weeks and months.<\/p>\n","protected":false},"author":1,"featured_media":384,"parent":67,"menu_order":0,"comment_status":"closed","ping_status":"closed","template":"","meta":{"footnotes":""},"class_list":["post-633","page","type-page","status-publish","has-post-thumbnail","hentry"],"translation":{"provider":"WPGlobus","version":"3.0.0","language":"de","enabled_languages":["en","de"],"languages":{"en":{"title":true,"content":true,"excerpt":false},"de":{"title":false,"content":false,"excerpt":false}}},"_links":{"self":[{"href":"https:\/\/erdbeerbeet.com\/de\/wp-json\/wp\/v2\/pages\/633","targetHints":{"allow":["GET"]}}],"collection":[{"href":"https:\/\/erdbeerbeet.com\/de\/wp-json\/wp\/v2\/pages"}],"about":[{"href":"https:\/\/erdbeerbeet.com\/de\/wp-json\/wp\/v2\/types\/page"}],"author":[{"embeddable":true,"href":"https:\/\/erdbeerbeet.com\/de\/wp-json\/wp\/v2\/users\/1"}],"replies":[{"embeddable":true,"href":"https:\/\/erdbeerbeet.com\/de\/wp-json\/wp\/v2\/comments?post=633"}],"version-history":[{"count":2,"href":"https:\/\/erdbeerbeet.com\/de\/wp-json\/wp\/v2\/pages\/633\/revisions"}],"predecessor-version":[{"id":636,"href":"https:\/\/erdbeerbeet.com\/de\/wp-json\/wp\/v2\/pages\/633\/revisions\/636"}],"up":[{"embeddable":true,"href":"https:\/\/erdbeerbeet.com\/de\/wp-json\/wp\/v2\/pages\/67"}],"wp:featuredmedia":[{"embeddable":true,"href":"https:\/\/erdbeerbeet.com\/de\/wp-json\/wp\/v2\/media\/384"}],"wp:attachment":[{"href":"https:\/\/erdbeerbeet.com\/de\/wp-json\/wp\/v2\/media?parent=633"}],"curies":[{"name":"wp","href":"https:\/\/api.w.org\/{rel}","templated":true}]}}