{"id":67,"date":"2021-03-13T19:57:39","date_gmt":"2021-03-13T19:57:39","guid":{"rendered":"http:\/\/erdbeerbeet.com\/?page_id=67"},"modified":"2021-09-06T13:27:52","modified_gmt":"2021-09-06T13:27:52","slug":"programmierung","status":"publish","type":"page","link":"https:\/\/erdbeerbeet.com\/de\/programmierung","title":{"rendered":"Programmierung"},"content":{"rendered":"\n<p>Meine Beitr\u00e4ge zum Thema Programmierung hangeln sich an den Projekten entlang, die ich nach Feierabend verfolge. Aktuell ist das App-Entwicklung mit Flutter, demn\u00e4chst kommt aber ggf. auch Angular, SVGs, Animation und ein Riesenprojekt mit REST, Java und Grafiken dazu&#8230;<\/p>\n\n\n<ul class=\"wp-block-latest-posts__list is-grid columns-3 has-dates wp-block-latest-posts\"><li><div class=\"wp-block-latest-posts__featured-image\"><img loading=\"lazy\" decoding=\"async\" width=\"150\" height=\"150\" src=\"https:\/\/erdbeerbeet.com\/wp-content\/uploads\/2021\/08\/img_programming-e1630005605105-150x150.png\" class=\"attachment-thumbnail size-thumbnail wp-post-image\" alt=\"\" style=\"\" \/><\/div><a class=\"wp-block-latest-posts__post-title\" href=\"https:\/\/erdbeerbeet.com\/de\/digitale-barrierefreiheit-regeln-und-der-easy-check\">Digitale Barrierefreiheit \u2013 Regeln und der Easy Check<\/a><time datetime=\"2025-07-29T06:15:56+00:00\" class=\"wp-block-latest-posts__post-date\">July 29, 2025<\/time><div class=\"wp-block-latest-posts__post-excerpt\">Wie ist eine barrierefreie Anwendung definiert? Oder anders; wie kann ich sicherstellen, dass meine Anwendung barrierefrei ist?Ganz sicher l\u00e4sst sich das wohl nie sagen und vermutlich gibt es auch keine 100% barrierefreien Anwendungen. Was es aber gibt sind Richtlinien, an denen Barrierefreiheit bemessen werden kann. WCAG &#8211; Web Content Accessibility Guidelines Die Web Content Accessibility\u2026 <a class=\"wp-block-latest-posts__read-more\" href=\"https:\/\/erdbeerbeet.com\/de\/digitale-barrierefreiheit-regeln-und-der-easy-check\" rel=\"noopener noreferrer\">Read more<span class=\"screen-reader-text\">: Digitale Barrierefreiheit \u2013 Regeln und der Easy Check<\/span><\/a><\/div><\/li>\n<li><div class=\"wp-block-latest-posts__featured-image\"><img loading=\"lazy\" decoding=\"async\" width=\"150\" height=\"150\" src=\"https:\/\/erdbeerbeet.com\/wp-content\/uploads\/2021\/08\/img_programming-e1630005605105-150x150.png\" class=\"attachment-thumbnail size-thumbnail wp-post-image\" alt=\"\" style=\"\" \/><\/div><a class=\"wp-block-latest-posts__post-title\" href=\"https:\/\/erdbeerbeet.com\/de\/scrollen-oder-blattern\">Scrollen oder Bl\u00e4ttern?<\/a><time datetime=\"2025-07-23T10:00:00+00:00\" class=\"wp-block-latest-posts__post-date\">July 23, 2025<\/time><div class=\"wp-block-latest-posts__post-excerpt\">Das Thema kam bei der Arbeit auf, und nachdem ich in einem Rabbithole deswegen versunken bin, m\u00f6chte ich meine Erkenntnisse einmal zusammenfassen. Wir k\u00f6nnen wohl kaum die einzigen sein, die sich die Frage gestellt haben, ob Inhalte besser gescrollt oder gebl\u00e4ttert werden sollen. Das Problem Es gibt einfach Inhalte im Web oder f\u00fcr Anwendungen, die\u2026 <a class=\"wp-block-latest-posts__read-more\" href=\"https:\/\/erdbeerbeet.com\/de\/scrollen-oder-blattern\" rel=\"noopener noreferrer\">Read more<span class=\"screen-reader-text\">: Scrollen oder Bl\u00e4ttern?<\/span><\/a><\/div><\/li>\n<li><div class=\"wp-block-latest-posts__featured-image\"><img loading=\"lazy\" decoding=\"async\" width=\"150\" height=\"150\" src=\"https:\/\/erdbeerbeet.com\/wp-content\/uploads\/2021\/08\/img_programming-e1630005605105-150x150.png\" class=\"attachment-thumbnail size-thumbnail wp-post-image\" alt=\"\" style=\"\" \/><\/div><a class=\"wp-block-latest-posts__post-title\" href=\"https:\/\/erdbeerbeet.com\/de\/digitale-barrierefreiheit-barrieren-und-betroffene\">Digitale Barrierefreiheit &#8211; Barrieren und Betroffene<\/a><time datetime=\"2023-11-27T14:18:18+00:00\" class=\"wp-block-latest-posts__post-date\">November 27, 2023<\/time><div class=\"wp-block-latest-posts__post-excerpt\">Zur Einleitung stelle sich jeder einmal die Frage, ob er oder sie sich als von digitalen Barrieren betroffen sieht. Fehlsichtigkeit? Dyslexie? Rot-Gr\u00fcn-Schw\u00e4che? Das ist allerdings nur ein Bruchteil an Ausgangsbedingungen, die einem die Benutzung des Internets erschweren. Microsofts Barriere-Matrix Es gibt verschiedene Bereiche der Wahrnehmung, in denen Einschr\u00e4nkungen vorliegen k\u00f6nnen. Sicht, Geh\u00f6r, Sprechen und Motorik.\u2026 <a class=\"wp-block-latest-posts__read-more\" href=\"https:\/\/erdbeerbeet.com\/de\/digitale-barrierefreiheit-barrieren-und-betroffene\" rel=\"noopener noreferrer\">Read more<span class=\"screen-reader-text\">: Digitale Barrierefreiheit &#8211; Barrieren und Betroffene<\/span><\/a><\/div><\/li>\n<li><div class=\"wp-block-latest-posts__featured-image\"><img loading=\"lazy\" decoding=\"async\" width=\"150\" height=\"150\" src=\"https:\/\/erdbeerbeet.com\/wp-content\/uploads\/2021\/08\/img_programming-e1630005605105-150x150.png\" class=\"attachment-thumbnail size-thumbnail wp-post-image\" alt=\"\" style=\"\" \/><\/div><a class=\"wp-block-latest-posts__post-title\" href=\"https:\/\/erdbeerbeet.com\/de\/digitale-barrierefreiheit-ein-workshop\">Digitale Barrierefreiheit &#8211; Ein Workshop<\/a><time datetime=\"2023-11-20T16:38:10+00:00\" class=\"wp-block-latest-posts__post-date\">November 20, 2023<\/time><div class=\"wp-block-latest-posts__post-excerpt\">Barrierefreiheit ist eine wichtige und urspr\u00fcngliche Anforderung an das Internet und alle Seiten und Anwendungen, die in ihm zur Verf\u00fcgung stehen. An der Umsetzung derselben hapert es allerdings noch.<\/div><\/li>\n<li><div class=\"wp-block-latest-posts__featured-image\"><img loading=\"lazy\" decoding=\"async\" width=\"150\" height=\"150\" src=\"https:\/\/erdbeerbeet.com\/wp-content\/uploads\/2021\/08\/img_programming-e1630005605105-150x150.png\" class=\"attachment-thumbnail size-thumbnail wp-post-image\" alt=\"\" style=\"\" \/><\/div><a class=\"wp-block-latest-posts__post-title\" href=\"https:\/\/erdbeerbeet.com\/de\/customization-for-my-angular-application\">Customization for my Angular Application<\/a><time datetime=\"2023-04-07T16:00:00+00:00\" class=\"wp-block-latest-posts__post-date\">April 7, 2023<\/time><div class=\"wp-block-latest-posts__post-excerpt\">On my journey to accessibility for web, apps, and everything, I decided to build a feature into my app, to make the appearance fully customizable for the user.<\/div><\/li>\n<li><div class=\"wp-block-latest-posts__featured-image\"><img loading=\"lazy\" decoding=\"async\" width=\"150\" height=\"150\" src=\"https:\/\/erdbeerbeet.com\/wp-content\/uploads\/2021\/08\/img_programming-e1630005605105-150x150.png\" class=\"attachment-thumbnail size-thumbnail wp-post-image\" alt=\"\" style=\"\" \/><\/div><a class=\"wp-block-latest-posts__post-title\" href=\"https:\/\/erdbeerbeet.com\/de\/my-flutter-flight-generate-some-puzzle-levels-part-2\">My Flutter Flight \u2013 Generate some Puzzle Levels \u2013 Part 2<\/a><time datetime=\"2023-01-11T06:11:02+00:00\" class=\"wp-block-latest-posts__post-date\">January 11, 2023<\/time><div class=\"wp-block-latest-posts__post-excerpt\">Trying to solve auto generated puzzle levels &#8211; but with mixed success.<\/div><\/li>\n<li><div class=\"wp-block-latest-posts__featured-image\"><img loading=\"lazy\" decoding=\"async\" width=\"150\" height=\"150\" src=\"https:\/\/erdbeerbeet.com\/wp-content\/uploads\/2021\/08\/img_programming-e1630005605105-150x150.png\" class=\"attachment-thumbnail size-thumbnail wp-post-image\" alt=\"\" style=\"\" \/><\/div><a class=\"wp-block-latest-posts__post-title\" href=\"https:\/\/erdbeerbeet.com\/de\/digital-accessibility-colors\">Digital Accessibility: Colors<\/a><time datetime=\"2022-06-21T10:00:00+00:00\" class=\"wp-block-latest-posts__post-date\">June 21, 2022<\/time><div class=\"wp-block-latest-posts__post-excerpt\">Low color contrast is by the time the most common failure of digital accessibility. But it&#8217;s very easy to fix that.<\/div><\/li>\n<li><div class=\"wp-block-latest-posts__featured-image\"><img loading=\"lazy\" decoding=\"async\" width=\"150\" height=\"150\" src=\"https:\/\/erdbeerbeet.com\/wp-content\/uploads\/2021\/08\/img_programming-e1630005605105-150x150.png\" class=\"attachment-thumbnail size-thumbnail wp-post-image\" alt=\"\" style=\"\" \/><\/div><a class=\"wp-block-latest-posts__post-title\" href=\"https:\/\/erdbeerbeet.com\/de\/my-flutter-flight-generate-some-puzzle-levels-part-1\">My Flutter Flight &#8211; Generate some Puzzle Levels &#8211; Part 1<\/a><time datetime=\"2022-04-08T18:59:06+00:00\" class=\"wp-block-latest-posts__post-date\">April 8, 2022<\/time><div class=\"wp-block-latest-posts__post-excerpt\">With a puzzle game comes the need for levels. Here is my way to create them. Part I describes the generation of random levels.<\/div><\/li>\n<li><div class=\"wp-block-latest-posts__featured-image\"><img loading=\"lazy\" decoding=\"async\" width=\"150\" height=\"150\" src=\"https:\/\/erdbeerbeet.com\/wp-content\/uploads\/2021\/08\/img_programming-e1630005605105-150x150.png\" class=\"attachment-thumbnail size-thumbnail wp-post-image\" alt=\"\" style=\"\" \/><\/div><a class=\"wp-block-latest-posts__post-title\" href=\"https:\/\/erdbeerbeet.com\/de\/my-flutter-flight-add-some-sound\">My Flutter Flight &#8211; Add some sound<\/a><time datetime=\"2022-02-26T20:31:47+00:00\" class=\"wp-block-latest-posts__post-date\">February 26, 2022<\/time><div class=\"wp-block-latest-posts__post-excerpt\">Good games feature good sounds and background music. So here is how I managed to insert them into my flutter game.<\/div><\/li>\n<li><div class=\"wp-block-latest-posts__featured-image\"><img loading=\"lazy\" decoding=\"async\" width=\"150\" height=\"150\" src=\"https:\/\/erdbeerbeet.com\/wp-content\/uploads\/2021\/08\/img_writing-e1630005579530-150x150.png\" class=\"attachment-thumbnail size-thumbnail wp-post-image\" alt=\"\" style=\"\" \/><\/div><a class=\"wp-block-latest-posts__post-title\" href=\"https:\/\/erdbeerbeet.com\/de\/app-development-before-the-programming\">App-Entwicklung &#8211; Bevor das Programmieren losgeht<\/a><time datetime=\"2022-01-10T11:00:00+00:00\" class=\"wp-block-latest-posts__post-date\">January 10, 2022<\/time><div class=\"wp-block-latest-posts__post-excerpt\">Bevor die erste Zeile Code geschrieben wird muss so eine App erst einmal geplant werden. Wie genau wird sie entwickelt und welche Ressourcen sind notwendig?<\/div><\/li>\n<li><div class=\"wp-block-latest-posts__featured-image\"><img loading=\"lazy\" decoding=\"async\" width=\"150\" height=\"150\" src=\"https:\/\/erdbeerbeet.com\/wp-content\/uploads\/2021\/08\/cropped-img_strawberry-e1630005532814-150x150.png\" class=\"attachment-thumbnail size-thumbnail wp-post-image\" alt=\"\" style=\"\" \/><\/div><a class=\"wp-block-latest-posts__post-title\" href=\"https:\/\/erdbeerbeet.com\/de\/achievements-for-apps\">Achievements f\u00fcr Apps<\/a><time datetime=\"2021-10-26T15:24:53+00:00\" class=\"wp-block-latest-posts__post-date\">October 26, 2021<\/time><div class=\"wp-block-latest-posts__post-excerpt\">Achievements motivieren. Und um dem Nutzer das volle Achievement-Erlebnis zu bieten sind hier vier verschiedene Arten von Achievements.<\/div><\/li>\n<li><div class=\"wp-block-latest-posts__featured-image\"><img loading=\"lazy\" decoding=\"async\" width=\"150\" height=\"150\" src=\"https:\/\/erdbeerbeet.com\/wp-content\/uploads\/2021\/08\/img_programming-e1630005605105-150x150.png\" class=\"attachment-thumbnail size-thumbnail wp-post-image\" alt=\"\" style=\"\" \/><\/div><a class=\"wp-block-latest-posts__post-title\" href=\"https:\/\/erdbeerbeet.com\/de\/angular-user-accounts-with-firebase\">Angular &#8211; Benutzerkonten mit Firebase Rest API<\/a><time datetime=\"2021-09-28T08:05:16+00:00\" class=\"wp-block-latest-posts__post-date\">September 28, 2021<\/time><div class=\"wp-block-latest-posts__post-excerpt\">Ein Benutzerkonto sollte f\u00fcr mich erst einmal optional sein. Wenn ich eine Anwendung anonym ausprobiert habe erstelle ich dann ein Konto, um meine Daten online zu speichern.<\/div><\/li>\n<li><div class=\"wp-block-latest-posts__featured-image\"><img loading=\"lazy\" decoding=\"async\" width=\"150\" height=\"150\" src=\"https:\/\/erdbeerbeet.com\/wp-content\/uploads\/2021\/08\/img_programming-e1630005605105-150x150.png\" class=\"attachment-thumbnail size-thumbnail wp-post-image\" alt=\"\" style=\"\" \/><\/div><a class=\"wp-block-latest-posts__post-title\" href=\"https:\/\/erdbeerbeet.com\/de\/angular-welcome-to-the-dark-mode\">Angular &#8211; Der Dunkel-Modus<\/a><time datetime=\"2021-09-19T19:43:57+00:00\" class=\"wp-block-latest-posts__post-date\">September 19, 2021<\/time><div class=\"wp-block-latest-posts__post-excerpt\">In Angular gibt es mehrere M\u00f6glichkeiten, den Dark Mode umzusetzen. Material, Theming und reines CSS.<\/div><\/li>\n<li><div class=\"wp-block-latest-posts__featured-image\"><img loading=\"lazy\" decoding=\"async\" width=\"150\" height=\"150\" src=\"https:\/\/erdbeerbeet.com\/wp-content\/uploads\/2021\/08\/img_programming-e1630005605105-150x150.png\" class=\"attachment-thumbnail size-thumbnail wp-post-image\" alt=\"\" style=\"\" \/><\/div><a class=\"wp-block-latest-posts__post-title\" href=\"https:\/\/erdbeerbeet.com\/de\/dark-mode\">Dark Mode<\/a><time datetime=\"2021-09-06T11:20:49+00:00\" class=\"wp-block-latest-posts__post-date\">September 6, 2021<\/time><div class=\"wp-block-latest-posts__post-excerpt\">Den Dark Mode gibt es nun schon eine ganze Weile. Trotzdem gibt es noch immer unbekannte Fallstricke in seiner Implementierung und Irrt\u00fcmer bez\u00fcglich seiner Vorteile.<\/div><\/li>\n<li><div class=\"wp-block-latest-posts__featured-image\"><img loading=\"lazy\" decoding=\"async\" width=\"150\" height=\"150\" src=\"https:\/\/erdbeerbeet.com\/wp-content\/uploads\/2021\/08\/img_programming-e1630005605105-150x150.png\" class=\"attachment-thumbnail size-thumbnail wp-post-image\" alt=\"\" style=\"\" \/><\/div><a class=\"wp-block-latest-posts__post-title\" href=\"https:\/\/erdbeerbeet.com\/de\/web-forms-tests\">Web-Formulare &#8211; Tests<\/a><time datetime=\"2021-08-26T11:23:04+00:00\" class=\"wp-block-latest-posts__post-date\">August 26, 2021<\/time><div class=\"wp-block-latest-posts__post-excerpt\">Web-Formulare m\u00fcssen getestet werden. Anhand eines Plan kann manuell, automatisiert und technisch versiert gepr\u00fcft werden, ob das Formular Angriffen und Tippfehlern stand h\u00e4lt.<\/div><\/li>\n<li><div class=\"wp-block-latest-posts__featured-image\"><img loading=\"lazy\" decoding=\"async\" width=\"150\" height=\"150\" src=\"https:\/\/erdbeerbeet.com\/wp-content\/uploads\/2021\/08\/img_programming-e1630005605105-150x150.png\" class=\"attachment-thumbnail size-thumbnail wp-post-image\" alt=\"\" style=\"\" \/><\/div><a class=\"wp-block-latest-posts__post-title\" href=\"https:\/\/erdbeerbeet.com\/de\/web-forms-design\">Web-Formulare &#8211; Design<\/a><time datetime=\"2021-08-14T19:40:49+00:00\" class=\"wp-block-latest-posts__post-date\">August 14, 2021<\/time><div class=\"wp-block-latest-posts__post-excerpt\">Manche Webanwendungen kommen nicht um mehr oder weniger umfangreiche Formulare herum. Hier gilt das richtige Vorgehen, angefangen beim durchdachten Design.<\/div><\/li>\n<li><div class=\"wp-block-latest-posts__featured-image\"><img loading=\"lazy\" decoding=\"async\" width=\"150\" height=\"150\" src=\"https:\/\/erdbeerbeet.com\/wp-content\/uploads\/2021\/08\/img_programming-e1630005605105-150x150.png\" class=\"attachment-thumbnail size-thumbnail wp-post-image\" alt=\"\" style=\"\" \/><\/div><a class=\"wp-block-latest-posts__post-title\" href=\"https:\/\/erdbeerbeet.com\/de\/my-flutter-flight-welcome-to-the-dark-mode\">Meine Flutter-Fahrt &#8211; Der Dunkel-Modus<\/a><time datetime=\"2021-06-28T14:43:41+00:00\" class=\"wp-block-latest-posts__post-date\">June 28, 2021<\/time><div class=\"wp-block-latest-posts__post-excerpt\">Browser, Desktop-Anwendungen und Apps k\u00f6nnen sich inzwischen allesamt dem DarkMode des Ger\u00e4ts unterwerfen. Und der Nutzer m\u00f6chte mit einem Schalter auch mitreden.<\/div><\/li>\n<li><div class=\"wp-block-latest-posts__featured-image\"><img loading=\"lazy\" decoding=\"async\" width=\"150\" height=\"150\" src=\"https:\/\/erdbeerbeet.com\/wp-content\/uploads\/2021\/08\/img_programming-e1630005605105-150x150.png\" class=\"attachment-thumbnail size-thumbnail wp-post-image\" alt=\"\" style=\"\" \/><\/div><a class=\"wp-block-latest-posts__post-title\" href=\"https:\/\/erdbeerbeet.com\/de\/my-flame-game-ultimate-background-image\">Mein Flame Game &#8211; das ultimative Hintergrundbild<\/a><time datetime=\"2021-05-06T15:09:17+00:00\" class=\"wp-block-latest-posts__post-date\">May 6, 2021<\/time><div class=\"wp-block-latest-posts__post-excerpt\">Ich m\u00f6chte, dass mein Spiel im Portr\u00e4t- UND Landschafts-Modus spielbar ist. Und so hab ich das angestellt.<\/div><\/li>\n<li><div class=\"wp-block-latest-posts__featured-image\"><img loading=\"lazy\" decoding=\"async\" width=\"150\" height=\"150\" src=\"https:\/\/erdbeerbeet.com\/wp-content\/uploads\/2021\/08\/img_programming-e1630005605105-150x150.png\" class=\"attachment-thumbnail size-thumbnail wp-post-image\" alt=\"\" style=\"\" \/><\/div><a class=\"wp-block-latest-posts__post-title\" href=\"https:\/\/erdbeerbeet.com\/de\/meine-flutter-fahrt-was-gibts-neues-nachrichten\">Meine Flutter-Fahrt &#8211; &#8220;Was gibt&#8217;s Neues&#8221; Nachrichten<\/a><time datetime=\"2021-04-16T18:41:05+00:00\" class=\"wp-block-latest-posts__post-date\">April 16, 2021<\/time><div class=\"wp-block-latest-posts__post-excerpt\">For first time users and after an update, I want to display information to my users. A tutorial or release notes.<\/div><\/li>\n<li><div class=\"wp-block-latest-posts__featured-image\"><img loading=\"lazy\" decoding=\"async\" width=\"150\" height=\"150\" src=\"https:\/\/erdbeerbeet.com\/wp-content\/uploads\/2021\/08\/img_programming-e1630005605105-150x150.png\" class=\"attachment-thumbnail size-thumbnail wp-post-image\" alt=\"\" style=\"\" \/><\/div><a class=\"wp-block-latest-posts__post-title\" href=\"https:\/\/erdbeerbeet.com\/de\/meine-flutter-fahrt-app-updates\">Meine Flutter-Fahrt &#8211; App-Updates<\/a><time datetime=\"2021-04-07T07:32:27+00:00\" class=\"wp-block-latest-posts__post-date\">April 7, 2021<\/time><div class=\"wp-block-latest-posts__post-excerpt\">This is for me to remember how to update my app for all the flutter platforms&#8230; and for those who are interested.<\/div><\/li>\n<\/ul>","protected":false},"excerpt":{"rendered":"<p>Meine Beitr\u00e4ge zum Thema Programmierung hangeln sich an den Projekten entlang, die ich nach Feierabend verfolge. Aktuell ist das App-Entwicklung mit Flutter, demn\u00e4chst kommt aber ggf. auch Angular, SVGs, Animation und ein Riesenprojekt mit REST, Java und Grafiken dazu&#8230;<\/p>\n","protected":false},"author":1,"featured_media":0,"parent":0,"menu_order":3,"comment_status":"closed","ping_status":"closed","template":"","meta":{"footnotes":""},"class_list":["post-67","page","type-page","status-publish","hentry"],"translation":{"provider":"WPGlobus","version":"3.0.0","language":"de","enabled_languages":["en","de"],"languages":{"en":{"title":true,"content":true,"excerpt":false},"de":{"title":true,"content":true,"excerpt":false}}},"_links":{"self":[{"href":"https:\/\/erdbeerbeet.com\/de\/wp-json\/wp\/v2\/pages\/67","targetHints":{"allow":["GET"]}}],"collection":[{"href":"https:\/\/erdbeerbeet.com\/de\/wp-json\/wp\/v2\/pages"}],"about":[{"href":"https:\/\/erdbeerbeet.com\/de\/wp-json\/wp\/v2\/types\/page"}],"author":[{"embeddable":true,"href":"https:\/\/erdbeerbeet.com\/de\/wp-json\/wp\/v2\/users\/1"}],"replies":[{"embeddable":true,"href":"https:\/\/erdbeerbeet.com\/de\/wp-json\/wp\/v2\/comments?post=67"}],"version-history":[{"count":11,"href":"https:\/\/erdbeerbeet.com\/de\/wp-json\/wp\/v2\/pages\/67\/revisions"}],"predecessor-version":[{"id":455,"href":"https:\/\/erdbeerbeet.com\/de\/wp-json\/wp\/v2\/pages\/67\/revisions\/455"}],"wp:attachment":[{"href":"https:\/\/erdbeerbeet.com\/de\/wp-json\/wp\/v2\/media?parent=67"}],"curies":[{"name":"wp","href":"https:\/\/api.w.org\/{rel}","templated":true}]}}